{"id":36716,"date":"2025-11-06T08:43:39","date_gmt":"2025-11-06T13:43:39","guid":{"rendered":"https:\/\/www.galerie-scrapbooking.com\/?post_type=product&#038;p=36716"},"modified":"2026-04-19T09:38:21","modified_gmt":"2026-04-19T13:38:21","slug":"lavinia-etampe-feuillage-dhiver","status":"publish","type":"product","link":"https:\/\/www.galerie-scrapbooking.com\/en\/produit\/lavinia-etampe-feuillage-dhiver\/","title":{"rendered":"Lavinia \u00c9tampe Feuillage d&#8217;hiver"},"content":{"rendered":"<h1>Lavinia \u00c9tampe Feuillage d&#8217;hiver<\/h1>\n<p>Un ensemble de quatre petites \u00e9tampes repr\u00e9sentant des branches hivernales et une branche de gui.<\/p>\n<p>Id\u00e9al pour ajouter de la profondeur et du d\u00e9tail \u00e0 une sc\u00e8ne naturelle.<\/p>\n<p>Dimension approximative:<\/p>\n<p>2,8 cm x 2,2 cm &#8211; 1,4 cm x 1,6 cm, 2 cm x 2,7 cm et 1,7 cm x 1,4 cm<\/p>\n<p>&nbsp;<\/p>\n","protected":false},"excerpt":{"rendered":"<p>Lavinia Stamp &#8211; Winter Foliage<\/p>\n","protected":false},"featured_media":36704,"template":"","meta":{"_acf_changed":false},"product_brand":[],"product_cat":[420,342,252],"product_tag":[],"class_list":{"0":"post-36716","1":"product","2":"type-product","3":"status-publish","4":"has-post-thumbnail","6":"product_cat-arbre-paysage","7":"product_cat-etampes-lavinia","8":"product_cat-herazz-nouveautes","9":"pa_brand_nc-lavinia","11":"first","12":"instock","13":"featured","14":"taxable","15":"shipping-taxable","16":"purchasable","17":"product-type-simple"},"acf":[],"aioseo_notices":[],"_links":{"self":[{"href":"https:\/\/www.galerie-scrapbooking.com\/en\/wp-json\/wp\/v2\/product\/36716","targetHints":{"allow":["GET"]}}],"collection":[{"href":"https:\/\/www.galerie-scrapbooking.com\/en\/wp-json\/wp\/v2\/product"}],"about":[{"href":"https:\/\/www.galerie-scrapbooking.com\/en\/wp-json\/wp\/v2\/types\/product"}],"wp:featuredmedia":[{"embeddable":true,"href":"https:\/\/www.galerie-scrapbooking.com\/en\/wp-json\/wp\/v2\/media\/36704"}],"wp:attachment":[{"href":"https:\/\/www.galerie-scrapbooking.com\/en\/wp-json\/wp\/v2\/media?parent=36716"}],"wp:term":[{"taxonomy":"product_brand","embeddable":true,"href":"https:\/\/www.galerie-scrapbooking.com\/en\/wp-json\/wp\/v2\/product_brand?post=36716"},{"taxonomy":"product_cat","embeddable":true,"href":"https:\/\/www.galerie-scrapbooking.com\/en\/wp-json\/wp\/v2\/product_cat?post=36716"},{"taxonomy":"product_tag","embeddable":true,"href":"https:\/\/www.galerie-scrapbooking.com\/en\/wp-json\/wp\/v2\/product_tag?post=36716"}],"curies":[{"name":"wp","href":"https:\/\/api.w.org\/{rel}","templated":true}]}}