{"id":36715,"date":"2025-11-06T08:43:39","date_gmt":"2025-11-06T13:43:39","guid":{"rendered":"https:\/\/www.galerie-scrapbooking.com\/?post_type=product&#038;p=36715"},"modified":"2025-12-09T17:35:13","modified_gmt":"2025-12-09T22:35:13","slug":"lavinia-etampe-cone-de-pin-sucre","status":"publish","type":"product","link":"https:\/\/www.galerie-scrapbooking.com\/en\/produit\/lavinia-etampe-cone-de-pin-sucre\/","title":{"rendered":"Lavinia \u00c9tampe C\u00f4ne de pin sucr\u00e9"},"content":{"rendered":"<h1>Lavinia \u00c9tampe C\u00f4ne de pin sucr\u00e9<\/h1>\n<p>Un ensemble de trois \u00e9tampes en forme de pommes de pin de tailles diff\u00e9rentes.<\/p>\n<p>Cet ensemble d&#8217;\u00e9tampes en forme de pommes de pin, d&#8217;une grande finesse, donnera vie \u00e0 vos sc\u00e8nes de nature.<\/p>\n<p>Dimension approximative:<\/p>\n<p>1.0 cm x 3,2 cm &#8211; 1,2 cm x 4,3 cm et 0,9 cm x 3.0 cm<\/p>\n<p>&nbsp;<\/p>\n","protected":false},"excerpt":{"rendered":"<p>Lavinia Stamp &#8211; Sugar Pine Cone<\/p>\n","protected":false},"featured_media":36698,"template":"","meta":{"_acf_changed":false},"product_brand":[],"product_cat":[420,342,252],"product_tag":[],"class_list":{"0":"post-36715","1":"product","2":"type-product","3":"status-publish","4":"has-post-thumbnail","6":"product_cat-arbre-paysage","7":"product_cat-etampes-lavinia","8":"product_cat-herazz-nouveautes","9":"pa_brand_nc-lavinia","11":"first","12":"instock","13":"featured","14":"taxable","15":"shipping-taxable","16":"purchasable","17":"product-type-simple"},"acf":[],"aioseo_notices":[],"_links":{"self":[{"href":"https:\/\/www.galerie-scrapbooking.com\/en\/wp-json\/wp\/v2\/product\/36715","targetHints":{"allow":["GET"]}}],"collection":[{"href":"https:\/\/www.galerie-scrapbooking.com\/en\/wp-json\/wp\/v2\/product"}],"about":[{"href":"https:\/\/www.galerie-scrapbooking.com\/en\/wp-json\/wp\/v2\/types\/product"}],"wp:featuredmedia":[{"embeddable":true,"href":"https:\/\/www.galerie-scrapbooking.com\/en\/wp-json\/wp\/v2\/media\/36698"}],"wp:attachment":[{"href":"https:\/\/www.galerie-scrapbooking.com\/en\/wp-json\/wp\/v2\/media?parent=36715"}],"wp:term":[{"taxonomy":"product_brand","embeddable":true,"href":"https:\/\/www.galerie-scrapbooking.com\/en\/wp-json\/wp\/v2\/product_brand?post=36715"},{"taxonomy":"product_cat","embeddable":true,"href":"https:\/\/www.galerie-scrapbooking.com\/en\/wp-json\/wp\/v2\/product_cat?post=36715"},{"taxonomy":"product_tag","embeddable":true,"href":"https:\/\/www.galerie-scrapbooking.com\/en\/wp-json\/wp\/v2\/product_tag?post=36715"}],"curies":[{"name":"wp","href":"https:\/\/api.w.org\/{rel}","templated":true}]}}