{"id":36713,"date":"2025-11-06T08:43:39","date_gmt":"2025-11-06T13:43:39","guid":{"rendered":"https:\/\/www.galerie-scrapbooking.com\/?post_type=product&#038;p=36713"},"modified":"2025-12-26T12:12:18","modified_gmt":"2025-12-26T17:12:18","slug":"lavinia-etampe-branche-de-pin-etoile","status":"publish","type":"product","link":"https:\/\/www.galerie-scrapbooking.com\/en\/produit\/lavinia-etampe-branche-de-pin-etoile\/","title":{"rendered":"Lavinia \u00c9tampe Branche de Pin \u00e9toil\u00e9"},"content":{"rendered":"<h1>Lavinia \u00c9tampe Branche De Pin \u00e9toil\u00e9<\/h1>\n<p>Un ensemble de quatre \u00e9tampes, chacune repr\u00e9sentant une branche de pin \u00e9toil\u00e9.<\/p>\n<p>Utilisez-les pour cr\u00e9er un feuillage d\u00e9coratif et cr\u00e9er une canop\u00e9e personnalis\u00e9e autour de votre sc\u00e8ne, ou pour d\u00e9corer une couronne de saison.<\/p>\n<p>Dimension approximative:<\/p>\n<p>Branche : 6.0 cm x 1,4 cm<\/p>\n<p>Aiguilles : 4,2 cm x 2,6 cm, 1,7 cm x 2,8 cm et 1,7 cm x 2,5 cm<\/p>\n","protected":false},"excerpt":{"rendered":"<p>Lavinia Stamp &#8211; Starpine<\/p>\n","protected":false},"featured_media":36696,"template":"","meta":{"_acf_changed":false},"product_brand":[],"product_cat":[420,342,252],"product_tag":[],"class_list":{"0":"post-36713","1":"product","2":"type-product","3":"status-publish","4":"has-post-thumbnail","6":"product_cat-arbre-paysage","7":"product_cat-etampes-lavinia","8":"product_cat-herazz-nouveautes","9":"pa_brand_nc-lavinia","11":"first","12":"instock","13":"featured","14":"taxable","15":"shipping-taxable","16":"purchasable","17":"product-type-simple"},"acf":[],"aioseo_notices":[],"_links":{"self":[{"href":"https:\/\/www.galerie-scrapbooking.com\/en\/wp-json\/wp\/v2\/product\/36713","targetHints":{"allow":["GET"]}}],"collection":[{"href":"https:\/\/www.galerie-scrapbooking.com\/en\/wp-json\/wp\/v2\/product"}],"about":[{"href":"https:\/\/www.galerie-scrapbooking.com\/en\/wp-json\/wp\/v2\/types\/product"}],"wp:featuredmedia":[{"embeddable":true,"href":"https:\/\/www.galerie-scrapbooking.com\/en\/wp-json\/wp\/v2\/media\/36696"}],"wp:attachment":[{"href":"https:\/\/www.galerie-scrapbooking.com\/en\/wp-json\/wp\/v2\/media?parent=36713"}],"wp:term":[{"taxonomy":"product_brand","embeddable":true,"href":"https:\/\/www.galerie-scrapbooking.com\/en\/wp-json\/wp\/v2\/product_brand?post=36713"},{"taxonomy":"product_cat","embeddable":true,"href":"https:\/\/www.galerie-scrapbooking.com\/en\/wp-json\/wp\/v2\/product_cat?post=36713"},{"taxonomy":"product_tag","embeddable":true,"href":"https:\/\/www.galerie-scrapbooking.com\/en\/wp-json\/wp\/v2\/product_tag?post=36713"}],"curies":[{"name":"wp","href":"https:\/\/api.w.org\/{rel}","templated":true}]}}