{"id":36711,"date":"2025-11-06T08:43:40","date_gmt":"2025-11-06T13:43:40","guid":{"rendered":"https:\/\/www.galerie-scrapbooking.com\/?post_type=product&#038;p=36711"},"modified":"2025-11-25T15:22:31","modified_gmt":"2025-11-25T20:22:31","slug":"lavinia-etampe-lumiere-eternelle-2","status":"publish","type":"product","link":"https:\/\/www.galerie-scrapbooking.com\/en\/produit\/lavinia-etampe-lumiere-eternelle-2\/","title":{"rendered":"Lavinia \u00c9tampe Lumi\u00e8re \u00e9ternelle 2"},"content":{"rendered":"<h1>Lavinia \u00c9tampe Lumi\u00e8re \u00e9ternelle 2<\/h1>\n<p>Une lanterne sph\u00e9rique fantaisiste suspendue \u00e0 une branche tordue, orient\u00e9e vers la droite.<\/p>\n<p>Id\u00e9ale pour \u00eatre associ\u00e9e \u00e0 la lanterne Lumi\u00e8re \u00e9ternelle 1 , sym\u00e9trique et l\u00e9g\u00e8rement plus petite.<\/p>\n<p>Dimension approximative:<\/p>\n<p><span lang=\"EN-US\">2.4 cm x 11.0 cm<\/span><\/p>\n","protected":false},"excerpt":{"rendered":"<p>Lavinia Stamp &#8211; Everlight 2<\/p>\n","protected":false},"featured_media":36688,"template":"","meta":{"_acf_changed":false},"product_brand":[],"product_cat":[420,342,252,2226],"product_tag":[],"class_list":{"0":"post-36711","1":"product","2":"type-product","3":"status-publish","4":"has-post-thumbnail","6":"product_cat-arbre-paysage","7":"product_cat-etampes-lavinia","8":"product_cat-herazz-nouveautes","9":"product_cat-objets","10":"pa_brand_nc-lavinia","12":"first","13":"instock","14":"featured","15":"taxable","16":"shipping-taxable","17":"purchasable","18":"product-type-simple"},"acf":[],"aioseo_notices":[],"_links":{"self":[{"href":"https:\/\/www.galerie-scrapbooking.com\/en\/wp-json\/wp\/v2\/product\/36711","targetHints":{"allow":["GET"]}}],"collection":[{"href":"https:\/\/www.galerie-scrapbooking.com\/en\/wp-json\/wp\/v2\/product"}],"about":[{"href":"https:\/\/www.galerie-scrapbooking.com\/en\/wp-json\/wp\/v2\/types\/product"}],"wp:featuredmedia":[{"embeddable":true,"href":"https:\/\/www.galerie-scrapbooking.com\/en\/wp-json\/wp\/v2\/media\/36688"}],"wp:attachment":[{"href":"https:\/\/www.galerie-scrapbooking.com\/en\/wp-json\/wp\/v2\/media?parent=36711"}],"wp:term":[{"taxonomy":"product_brand","embeddable":true,"href":"https:\/\/www.galerie-scrapbooking.com\/en\/wp-json\/wp\/v2\/product_brand?post=36711"},{"taxonomy":"product_cat","embeddable":true,"href":"https:\/\/www.galerie-scrapbooking.com\/en\/wp-json\/wp\/v2\/product_cat?post=36711"},{"taxonomy":"product_tag","embeddable":true,"href":"https:\/\/www.galerie-scrapbooking.com\/en\/wp-json\/wp\/v2\/product_tag?post=36711"}],"curies":[{"name":"wp","href":"https:\/\/api.w.org\/{rel}","templated":true}]}}