{"id":36709,"date":"2025-11-06T08:43:40","date_gmt":"2025-11-06T13:43:40","guid":{"rendered":"https:\/\/www.galerie-scrapbooking.com\/?post_type=product&#038;p=36709"},"modified":"2025-11-25T15:21:54","modified_gmt":"2025-11-25T20:21:54","slug":"lavinia-etampe-arbre-du-crepuscule-eternel","status":"publish","type":"product","link":"https:\/\/www.galerie-scrapbooking.com\/en\/produit\/lavinia-etampe-arbre-du-crepuscule-eternel\/","title":{"rendered":"Lavinia \u00c9tampe Arbre du cr\u00e9puscule \u00e9ternel"},"content":{"rendered":"<h1>Lavinia \u00c9tampe Arbre du cr\u00e9puscule \u00e9ternel<\/h1>\n<p>Une seule \u00e9tampe repr\u00e9sentant un arbre tortueux aux branches d\u00e9nud\u00e9es.<\/p>\n<p>Utilisez cette forme originale pour apporter une touche automnale ou hivernale \u00e0 vos cr\u00e9ations, ou ajoutez des feuillages et des fleurs naissantes aux branches gr\u00e2ce aux superbes mini-\u00e9tampes.<\/p>\n<p>Dimension approximative:<\/p>\n<p><span lang=\"EN-US\">6.2 cm x 10.8 cm<\/span><\/p>\n","protected":false},"excerpt":{"rendered":"<p>Lavinia Stamp &#8211; Everdusk Tree<\/p>\n","protected":false},"featured_media":36684,"template":"","meta":{"_acf_changed":false},"product_brand":[],"product_cat":[420,342,252],"product_tag":[],"class_list":{"0":"post-36709","1":"product","2":"type-product","3":"status-publish","4":"has-post-thumbnail","6":"product_cat-arbre-paysage","7":"product_cat-etampes-lavinia","8":"product_cat-herazz-nouveautes","9":"pa_brand_nc-lavinia","11":"first","12":"instock","13":"featured","14":"taxable","15":"shipping-taxable","16":"purchasable","17":"product-type-simple"},"acf":[],"aioseo_notices":[],"_links":{"self":[{"href":"https:\/\/www.galerie-scrapbooking.com\/en\/wp-json\/wp\/v2\/product\/36709","targetHints":{"allow":["GET"]}}],"collection":[{"href":"https:\/\/www.galerie-scrapbooking.com\/en\/wp-json\/wp\/v2\/product"}],"about":[{"href":"https:\/\/www.galerie-scrapbooking.com\/en\/wp-json\/wp\/v2\/types\/product"}],"wp:featuredmedia":[{"embeddable":true,"href":"https:\/\/www.galerie-scrapbooking.com\/en\/wp-json\/wp\/v2\/media\/36684"}],"wp:attachment":[{"href":"https:\/\/www.galerie-scrapbooking.com\/en\/wp-json\/wp\/v2\/media?parent=36709"}],"wp:term":[{"taxonomy":"product_brand","embeddable":true,"href":"https:\/\/www.galerie-scrapbooking.com\/en\/wp-json\/wp\/v2\/product_brand?post=36709"},{"taxonomy":"product_cat","embeddable":true,"href":"https:\/\/www.galerie-scrapbooking.com\/en\/wp-json\/wp\/v2\/product_cat?post=36709"},{"taxonomy":"product_tag","embeddable":true,"href":"https:\/\/www.galerie-scrapbooking.com\/en\/wp-json\/wp\/v2\/product_tag?post=36709"}],"curies":[{"name":"wp","href":"https:\/\/api.w.org\/{rel}","templated":true}]}}