{"id":36708,"date":"2025-11-06T08:43:40","date_gmt":"2025-11-06T13:43:40","guid":{"rendered":"https:\/\/www.galerie-scrapbooking.com\/?post_type=product&#038;p=36708"},"modified":"2026-02-12T09:57:07","modified_gmt":"2026-02-12T14:57:07","slug":"lavinia-etampe-orbes-scintillants","status":"publish","type":"product","link":"https:\/\/www.galerie-scrapbooking.com\/en\/produit\/lavinia-etampe-orbes-scintillants\/","title":{"rendered":"Lavinia \u00c9tampe Orbes scintillants"},"content":{"rendered":"<h1>Lavinia \u00c9tampe Orbes scintillants<\/h1>\n<p>Un ensemble de trois \u00e9tampes repr\u00e9sentant des lanternes boules de diff\u00e9rentes tailles.<\/p>\n<p>Pourquoi ne pas associer ces magnifiques \u00e9tampes \u00e0 diff\u00e9rents feuillages pour cr\u00e9er des d\u00e9corations suspendues de saison, ou illuminer une for\u00eat f\u00e9erique de sph\u00e8res lumineuses p\u00e9tillantes ?<\/p>\n<p>Dimension approximative:<\/p>\n<p><span lang=\"EN-US\"> 2.2 cm x 3.3 cm &#8211; 1.6 cm x 2.5 cm et 1.6 cm x 2.3 cm<\/span><\/p>\n","protected":false},"excerpt":{"rendered":"<p>Lavinia Stamp &#8211; Glimmer Orbs<\/p>\n","protected":false},"featured_media":36690,"template":"","meta":{"_acf_changed":false},"product_brand":[],"product_cat":[342,252,2226],"product_tag":[],"class_list":{"0":"post-36708","1":"product","2":"type-product","3":"status-publish","4":"has-post-thumbnail","6":"product_cat-etampes-lavinia","7":"product_cat-herazz-nouveautes","8":"product_cat-objets","9":"pa_brand_nc-lavinia","11":"first","12":"instock","13":"featured","14":"taxable","15":"shipping-taxable","16":"purchasable","17":"product-type-simple"},"acf":[],"aioseo_notices":[],"_links":{"self":[{"href":"https:\/\/www.galerie-scrapbooking.com\/en\/wp-json\/wp\/v2\/product\/36708","targetHints":{"allow":["GET"]}}],"collection":[{"href":"https:\/\/www.galerie-scrapbooking.com\/en\/wp-json\/wp\/v2\/product"}],"about":[{"href":"https:\/\/www.galerie-scrapbooking.com\/en\/wp-json\/wp\/v2\/types\/product"}],"wp:featuredmedia":[{"embeddable":true,"href":"https:\/\/www.galerie-scrapbooking.com\/en\/wp-json\/wp\/v2\/media\/36690"}],"wp:attachment":[{"href":"https:\/\/www.galerie-scrapbooking.com\/en\/wp-json\/wp\/v2\/media?parent=36708"}],"wp:term":[{"taxonomy":"product_brand","embeddable":true,"href":"https:\/\/www.galerie-scrapbooking.com\/en\/wp-json\/wp\/v2\/product_brand?post=36708"},{"taxonomy":"product_cat","embeddable":true,"href":"https:\/\/www.galerie-scrapbooking.com\/en\/wp-json\/wp\/v2\/product_cat?post=36708"},{"taxonomy":"product_tag","embeddable":true,"href":"https:\/\/www.galerie-scrapbooking.com\/en\/wp-json\/wp\/v2\/product_tag?post=36708"}],"curies":[{"name":"wp","href":"https:\/\/api.w.org\/{rel}","templated":true}]}}