{"id":36681,"date":"2025-11-06T08:43:41","date_gmt":"2025-11-06T13:43:41","guid":{"rendered":"https:\/\/www.galerie-scrapbooking.com\/?post_type=product&#038;p=36681"},"modified":"2025-11-25T15:21:28","modified_gmt":"2025-11-25T20:21:28","slug":"lavinia-etampe-lanterne-ronde","status":"publish","type":"product","link":"https:\/\/www.galerie-scrapbooking.com\/en\/produit\/lavinia-etampe-lanterne-ronde\/","title":{"rendered":"Lavinia \u00c9tampe Lanterne ronde"},"content":{"rendered":"<h1>Lavinia \u00c9tampe Lanterne ronde<\/h1>\n<p>Un ensemble de deux \u00e9tampes repr\u00e9sentant une lanterne en forme de boule et une cha\u00eenette.<\/p>\n<p>Embellissez cette boule avec votre couleur et vos reflets pr\u00e9f\u00e9r\u00e9s ! N&#8217;h\u00e9sitez pas \u00e0 utiliser plusieurs fois l&#8217;\u00e9tampe de la cha\u00eenette pour suspendre des boules ou autres d\u00e9corations de diff\u00e9rentes longueurs.<\/p>\n<p>Dimension approximative:<\/p>\n<p>0.2 cm x 6.0 cm et 2.7 cm x 4.0 cm<\/p>\n","protected":false},"excerpt":{"rendered":"<p>Lavinia Stamp &#8211; Bauble Lantern<\/p>\n","protected":false},"featured_media":36682,"template":"","meta":{"_acf_changed":false},"product_brand":[],"product_cat":[342,252,2226],"product_tag":[],"class_list":{"0":"post-36681","1":"product","2":"type-product","3":"status-publish","4":"has-post-thumbnail","6":"product_cat-etampes-lavinia","7":"product_cat-herazz-nouveautes","8":"product_cat-objets","9":"pa_brand_nc-lavinia","11":"first","12":"outofstock","13":"featured","14":"taxable","15":"shipping-taxable","16":"purchasable","17":"product-type-simple"},"acf":[],"aioseo_notices":[],"_links":{"self":[{"href":"https:\/\/www.galerie-scrapbooking.com\/en\/wp-json\/wp\/v2\/product\/36681","targetHints":{"allow":["GET"]}}],"collection":[{"href":"https:\/\/www.galerie-scrapbooking.com\/en\/wp-json\/wp\/v2\/product"}],"about":[{"href":"https:\/\/www.galerie-scrapbooking.com\/en\/wp-json\/wp\/v2\/types\/product"}],"wp:featuredmedia":[{"embeddable":true,"href":"https:\/\/www.galerie-scrapbooking.com\/en\/wp-json\/wp\/v2\/media\/36682"}],"wp:attachment":[{"href":"https:\/\/www.galerie-scrapbooking.com\/en\/wp-json\/wp\/v2\/media?parent=36681"}],"wp:term":[{"taxonomy":"product_brand","embeddable":true,"href":"https:\/\/www.galerie-scrapbooking.com\/en\/wp-json\/wp\/v2\/product_brand?post=36681"},{"taxonomy":"product_cat","embeddable":true,"href":"https:\/\/www.galerie-scrapbooking.com\/en\/wp-json\/wp\/v2\/product_cat?post=36681"},{"taxonomy":"product_tag","embeddable":true,"href":"https:\/\/www.galerie-scrapbooking.com\/en\/wp-json\/wp\/v2\/product_tag?post=36681"}],"curies":[{"name":"wp","href":"https:\/\/api.w.org\/{rel}","templated":true}]}}