{"id":36671,"date":"2025-10-30T09:45:10","date_gmt":"2025-10-30T13:45:10","guid":{"rendered":"https:\/\/www.galerie-scrapbooking.com\/?post_type=product&#038;p=36671"},"modified":"2026-01-06T12:53:25","modified_gmt":"2026-01-06T17:53:25","slug":"panpastel-ultra-soft-pastel-dartiste-noir","status":"publish","type":"product","link":"https:\/\/www.galerie-scrapbooking.com\/en\/produit\/panpastel-ultra-soft-pastel-dartiste-noir\/","title":{"rendered":"PanPastel Ultra Soft Pastel d&#8217;Artiste Noir"},"content":{"rendered":"<h1>PanPastel Ultra Soft Pastel d&#8217;Artiste Noir<\/h1>\n<p>Les couleurs sont de v\u00e9ritables pastels de qualit\u00e9 artistique, emball\u00e9s de mani\u00e8re unique .<\/p>\n<p>Appliquez la couleur pastel comme une vraie peinture.<\/p>\n<p>La formulation unique des couleurs PanPastel permet d&#8217;obtenir un pastel \u00e9tonnamment doux et pratiquement d\u00e9pourvu de poussi\u00e8re, et l&#8217;emballage permet de les empiler pour faciliter le rangement ou le transport.<\/p>\n<p>Peut m\u00eame \u00eatre appliqu\u00e9 avec un couteau.<\/p>\n","protected":false},"excerpt":{"rendered":"<p>PanPastel Ultra Soft Artist Pastel 9ml &#8211; Black<\/p>\n","protected":false},"featured_media":36656,"template":"","meta":{"_acf_changed":false},"product_brand":[],"product_cat":[252,2130],"product_tag":[],"class_list":{"0":"post-36671","1":"product","2":"type-product","3":"status-publish","4":"has-post-thumbnail","6":"product_cat-herazz-nouveautes","7":"product_cat-panpastel","8":"pa_brand_nc-panpastel","10":"first","11":"instock","12":"featured","13":"taxable","14":"shipping-taxable","15":"purchasable","16":"product-type-simple"},"acf":[],"aioseo_notices":[],"_links":{"self":[{"href":"https:\/\/www.galerie-scrapbooking.com\/en\/wp-json\/wp\/v2\/product\/36671","targetHints":{"allow":["GET"]}}],"collection":[{"href":"https:\/\/www.galerie-scrapbooking.com\/en\/wp-json\/wp\/v2\/product"}],"about":[{"href":"https:\/\/www.galerie-scrapbooking.com\/en\/wp-json\/wp\/v2\/types\/product"}],"wp:featuredmedia":[{"embeddable":true,"href":"https:\/\/www.galerie-scrapbooking.com\/en\/wp-json\/wp\/v2\/media\/36656"}],"wp:attachment":[{"href":"https:\/\/www.galerie-scrapbooking.com\/en\/wp-json\/wp\/v2\/media?parent=36671"}],"wp:term":[{"taxonomy":"product_brand","embeddable":true,"href":"https:\/\/www.galerie-scrapbooking.com\/en\/wp-json\/wp\/v2\/product_brand?post=36671"},{"taxonomy":"product_cat","embeddable":true,"href":"https:\/\/www.galerie-scrapbooking.com\/en\/wp-json\/wp\/v2\/product_cat?post=36671"},{"taxonomy":"product_tag","embeddable":true,"href":"https:\/\/www.galerie-scrapbooking.com\/en\/wp-json\/wp\/v2\/product_tag?post=36671"}],"curies":[{"name":"wp","href":"https:\/\/api.w.org\/{rel}","templated":true}]}}