{"id":36669,"date":"2025-10-28T13:18:57","date_gmt":"2025-10-28T17:18:57","guid":{"rendered":"https:\/\/www.galerie-scrapbooking.com\/?post_type=product&#038;p=36669"},"modified":"2025-11-13T19:29:35","modified_gmt":"2025-11-14T00:29:35","slug":"aall-and-create-decoupes-terre-et-ciel","status":"publish","type":"product","link":"https:\/\/www.galerie-scrapbooking.com\/en\/produit\/aall-and-create-decoupes-terre-et-ciel\/","title":{"rendered":"AALL And Create D\u00e9coupes Terre et Ciel"},"content":{"rendered":"<h1>AALL And Create D\u00e9coupes Terre et Ciel<\/h1>\n<p>Sublimez vos projets avec nos d\u00e9coupes \u00e9ph\u00e9m\u00e8res.<\/p>\n<p>Fabriqu\u00e9es en papier cartonn\u00e9 d\u00e9coup\u00e9 de qualit\u00e9 sup\u00e9rieure, ces cr\u00e9ations complexes et d\u00e9taill\u00e9es sont parfaites pour ajouter une touche personnelle \u00e0 tout projet.<\/p>\n<p>Ce paquet contient 110 d\u00e9coupes \u00e9ph\u00e9m\u00e8res.<\/p>\n","protected":false},"excerpt":{"rendered":"<p>AALL And Create Ephemera &#8211; Earth &amp; Sky<\/p>\n","protected":false},"featured_media":36662,"template":"","meta":{"_acf_changed":false},"product_brand":[],"product_cat":[431,430,252],"product_tag":[],"class_list":{"0":"post-36669","1":"product","2":"type-product","3":"status-publish","4":"has-post-thumbnail","6":"product_cat-die-cuts-aallandcreate","7":"product_cat-decoupes","8":"product_cat-herazz-nouveautes","9":"pa_brand_nc-aall-and-create","11":"first","12":"instock","13":"featured","14":"taxable","15":"shipping-taxable","16":"purchasable","17":"product-type-simple"},"acf":[],"aioseo_notices":[],"_links":{"self":[{"href":"https:\/\/www.galerie-scrapbooking.com\/en\/wp-json\/wp\/v2\/product\/36669","targetHints":{"allow":["GET"]}}],"collection":[{"href":"https:\/\/www.galerie-scrapbooking.com\/en\/wp-json\/wp\/v2\/product"}],"about":[{"href":"https:\/\/www.galerie-scrapbooking.com\/en\/wp-json\/wp\/v2\/types\/product"}],"wp:featuredmedia":[{"embeddable":true,"href":"https:\/\/www.galerie-scrapbooking.com\/en\/wp-json\/wp\/v2\/media\/36662"}],"wp:attachment":[{"href":"https:\/\/www.galerie-scrapbooking.com\/en\/wp-json\/wp\/v2\/media?parent=36669"}],"wp:term":[{"taxonomy":"product_brand","embeddable":true,"href":"https:\/\/www.galerie-scrapbooking.com\/en\/wp-json\/wp\/v2\/product_brand?post=36669"},{"taxonomy":"product_cat","embeddable":true,"href":"https:\/\/www.galerie-scrapbooking.com\/en\/wp-json\/wp\/v2\/product_cat?post=36669"},{"taxonomy":"product_tag","embeddable":true,"href":"https:\/\/www.galerie-scrapbooking.com\/en\/wp-json\/wp\/v2\/product_tag?post=36669"}],"curies":[{"name":"wp","href":"https:\/\/api.w.org\/{rel}","templated":true}]}}