{"id":36529,"date":"2025-10-09T08:28:20","date_gmt":"2025-10-09T12:28:20","guid":{"rendered":"https:\/\/www.galerie-scrapbooking.com\/?post_type=product&#038;p=36529"},"modified":"2026-03-05T14:09:06","modified_gmt":"2026-03-05T19:09:06","slug":"prima-fleurs-fleurs-fantomatiques","status":"publish","type":"product","link":"https:\/\/www.galerie-scrapbooking.com\/en\/produit\/prima-fleurs-fleurs-fantomatiques\/","title":{"rendered":"Prima Fleurs Fleurs fantomatiques"},"content":{"rendered":"<h1>Prima Fleurs Fleurs fantomatiques<\/h1>\n<p>Promenez-vous dans le pr\u00e9 des sorci\u00e8res\u2026 o\u00f9 les marguerites ne sont pas que des marguerites.<\/p>\n<p>Ce coffret Prima fait main pr\u00e9sente de charmantes fleurs noires et ivoire au c\u0153ur dor\u00e9, parfaites pour ajouter une touche fantomatique \u00e0 vos cr\u00e9ations enchant\u00e9es.<\/p>\n<p>Imaginez des livres de sorts, des \u00e9tiquettes au clair de lune ou des petits journaux hant\u00e9s !<\/p>\n<p>Chaque paquet contient 18 fleurs<\/p>\n","protected":false},"excerpt":{"rendered":"<p>Prima Marketing Paper Flowers 18\/Pkg &#8211; Ghostly Blooms<\/p>\n","protected":false},"featured_media":36516,"template":"","meta":{"_acf_changed":false},"product_brand":[],"product_cat":[252,192],"product_tag":[],"class_list":{"0":"post-36529","1":"product","2":"type-product","3":"status-publish","4":"has-post-thumbnail","6":"product_cat-herazz-nouveautes","7":"product_cat-fleurs-prima","8":"pa_brand_nc-prima","10":"first","11":"instock","12":"featured","13":"taxable","14":"shipping-taxable","15":"purchasable","16":"product-type-simple"},"acf":[],"aioseo_notices":[],"_links":{"self":[{"href":"https:\/\/www.galerie-scrapbooking.com\/en\/wp-json\/wp\/v2\/product\/36529","targetHints":{"allow":["GET"]}}],"collection":[{"href":"https:\/\/www.galerie-scrapbooking.com\/en\/wp-json\/wp\/v2\/product"}],"about":[{"href":"https:\/\/www.galerie-scrapbooking.com\/en\/wp-json\/wp\/v2\/types\/product"}],"wp:featuredmedia":[{"embeddable":true,"href":"https:\/\/www.galerie-scrapbooking.com\/en\/wp-json\/wp\/v2\/media\/36516"}],"wp:attachment":[{"href":"https:\/\/www.galerie-scrapbooking.com\/en\/wp-json\/wp\/v2\/media?parent=36529"}],"wp:term":[{"taxonomy":"product_brand","embeddable":true,"href":"https:\/\/www.galerie-scrapbooking.com\/en\/wp-json\/wp\/v2\/product_brand?post=36529"},{"taxonomy":"product_cat","embeddable":true,"href":"https:\/\/www.galerie-scrapbooking.com\/en\/wp-json\/wp\/v2\/product_cat?post=36529"},{"taxonomy":"product_tag","embeddable":true,"href":"https:\/\/www.galerie-scrapbooking.com\/en\/wp-json\/wp\/v2\/product_tag?post=36529"}],"curies":[{"name":"wp","href":"https:\/\/api.w.org\/{rel}","templated":true}]}}