{"id":36497,"date":"2025-09-25T08:30:41","date_gmt":"2025-09-25T12:30:41","guid":{"rendered":"https:\/\/www.galerie-scrapbooking.com\/?post_type=product&#038;p=36497"},"modified":"2026-04-30T12:32:46","modified_gmt":"2026-04-30T16:32:46","slug":"lavinia-stencils-masques-collection-brume-dautomne","status":"publish","type":"product","link":"https:\/\/www.galerie-scrapbooking.com\/en\/produit\/lavinia-stencils-masques-collection-brume-dautomne\/","title":{"rendered":"Lavinia Stencils Masques Collection Brume d&#8217;automne"},"content":{"rendered":"<h1>Lavinia Stencils Masques Collection Brume d&#8217;automne<\/h1>\n<p>Un ensemble de quatre pochoirs, parfait pour cr\u00e9er un cadre \u00e9l\u00e9gant et chaleureux pour vos \u0153uvres d&#8217;art, avec un centre rond.<\/p>\n<p>Id\u00e9al pour une utilisation avec de l&#8217;encre, de la peinture, de la p\u00e2te et d&#8217;autres supports, pour d\u00e9corer le papier, le MDF, le verre, le plastique, le carton et bien d&#8217;autres mat\u00e9riaux.<\/p>\n<p>Grandeur: 15 x 15 cm.<\/p>\n","protected":false},"excerpt":{"rendered":"<p>Lavinia Stencils 15 x 15 cm &#8211; Autumn Mist Collection<\/p>\n","protected":false},"featured_media":36487,"template":"","meta":{"_acf_changed":false},"product_brand":[],"product_cat":[379,105,252],"product_tag":[],"class_list":{"0":"post-36497","1":"product","2":"type-product","3":"status-publish","4":"has-post-thumbnail","6":"product_cat-stencil-lavinia","7":"product_cat-masques-scrapbooking","8":"product_cat-herazz-nouveautes","9":"pa_brand_nc-lavinia","11":"first","12":"instock","13":"featured","14":"taxable","15":"shipping-taxable","16":"purchasable","17":"product-type-simple"},"acf":[],"aioseo_notices":[],"_links":{"self":[{"href":"https:\/\/www.galerie-scrapbooking.com\/en\/wp-json\/wp\/v2\/product\/36497","targetHints":{"allow":["GET"]}}],"collection":[{"href":"https:\/\/www.galerie-scrapbooking.com\/en\/wp-json\/wp\/v2\/product"}],"about":[{"href":"https:\/\/www.galerie-scrapbooking.com\/en\/wp-json\/wp\/v2\/types\/product"}],"wp:featuredmedia":[{"embeddable":true,"href":"https:\/\/www.galerie-scrapbooking.com\/en\/wp-json\/wp\/v2\/media\/36487"}],"wp:attachment":[{"href":"https:\/\/www.galerie-scrapbooking.com\/en\/wp-json\/wp\/v2\/media?parent=36497"}],"wp:term":[{"taxonomy":"product_brand","embeddable":true,"href":"https:\/\/www.galerie-scrapbooking.com\/en\/wp-json\/wp\/v2\/product_brand?post=36497"},{"taxonomy":"product_cat","embeddable":true,"href":"https:\/\/www.galerie-scrapbooking.com\/en\/wp-json\/wp\/v2\/product_cat?post=36497"},{"taxonomy":"product_tag","embeddable":true,"href":"https:\/\/www.galerie-scrapbooking.com\/en\/wp-json\/wp\/v2\/product_tag?post=36497"}],"curies":[{"name":"wp","href":"https:\/\/api.w.org\/{rel}","templated":true}]}}