{"id":36492,"date":"2025-09-25T08:30:42","date_gmt":"2025-09-25T12:30:42","guid":{"rendered":"https:\/\/www.galerie-scrapbooking.com\/?post_type=product&#038;p=36492"},"modified":"2026-02-12T09:56:14","modified_gmt":"2026-02-12T14:56:14","slug":"lavinia-etampe-corbeaux-2","status":"publish","type":"product","link":"https:\/\/www.galerie-scrapbooking.com\/en\/produit\/lavinia-etampe-corbeaux-2\/","title":{"rendered":"Lavinia \u00c9tampe Corbeaux"},"content":{"rendered":"<h1>Lavinia \u00c9tampe Corbeaux<\/h1>\n<p>Un ensemble de trois \u00e9tampes repr\u00e9sentant des silhouettes de corbeaux en vol.<\/p>\n<p>Ces oiseaux saisissants sont chacun repr\u00e9sent\u00e9s \u00e0 un stade de mouvement diff\u00e9rent : planant, battant des ailes et s&#8217;\u00e9levant vers la terre ferme, serres d\u00e9ploy\u00e9es. Parfaits pour ajouter une touche d&#8217;enchantement ou de pr\u00e9sage \u00e0 vos cr\u00e9ations.<\/p>\n<p>Combinez-les avec l&#8217;un de nos nouvelles \u00e9tampes de sorci\u00e8res : Arwen, Esme ou Prue.<\/p>\n<p>N\u00e9cessite l&#8217;utilisation d&#8217;un bloc acrylique.<\/p>\n<p>Dimension approximative:<\/p>\n<p>2.2 cm x 3.6 cm, &#8211; 2.5 cm x 4.1 cm et 3.2 cm x 3.6 cm<\/p>\n","protected":false},"excerpt":{"rendered":"<p>Lavinia Stamp &#8211; Ravens<\/p>\n","protected":false},"featured_media":36469,"template":"","meta":{"_acf_changed":false},"product_brand":[],"product_cat":[421,342,252],"product_tag":[],"class_list":{"0":"post-36492","1":"product","2":"type-product","3":"status-publish","4":"has-post-thumbnail","6":"product_cat-animaux-insectes","7":"product_cat-etampes-lavinia","8":"product_cat-herazz-nouveautes","9":"pa_brand_nc-lavinia","11":"first","12":"instock","13":"featured","14":"taxable","15":"shipping-taxable","16":"purchasable","17":"product-type-simple"},"acf":[],"aioseo_notices":[],"_links":{"self":[{"href":"https:\/\/www.galerie-scrapbooking.com\/en\/wp-json\/wp\/v2\/product\/36492","targetHints":{"allow":["GET"]}}],"collection":[{"href":"https:\/\/www.galerie-scrapbooking.com\/en\/wp-json\/wp\/v2\/product"}],"about":[{"href":"https:\/\/www.galerie-scrapbooking.com\/en\/wp-json\/wp\/v2\/types\/product"}],"wp:featuredmedia":[{"embeddable":true,"href":"https:\/\/www.galerie-scrapbooking.com\/en\/wp-json\/wp\/v2\/media\/36469"}],"wp:attachment":[{"href":"https:\/\/www.galerie-scrapbooking.com\/en\/wp-json\/wp\/v2\/media?parent=36492"}],"wp:term":[{"taxonomy":"product_brand","embeddable":true,"href":"https:\/\/www.galerie-scrapbooking.com\/en\/wp-json\/wp\/v2\/product_brand?post=36492"},{"taxonomy":"product_cat","embeddable":true,"href":"https:\/\/www.galerie-scrapbooking.com\/en\/wp-json\/wp\/v2\/product_cat?post=36492"},{"taxonomy":"product_tag","embeddable":true,"href":"https:\/\/www.galerie-scrapbooking.com\/en\/wp-json\/wp\/v2\/product_tag?post=36492"}],"curies":[{"name":"wp","href":"https:\/\/api.w.org\/{rel}","templated":true}]}}