{"id":36491,"date":"2025-09-25T08:30:42","date_gmt":"2025-09-25T12:30:42","guid":{"rendered":"https:\/\/www.galerie-scrapbooking.com\/?post_type=product&#038;p=36491"},"modified":"2026-01-06T12:53:25","modified_gmt":"2026-01-06T17:53:25","slug":"lavinia-etampe-prue","status":"publish","type":"product","link":"https:\/\/www.galerie-scrapbooking.com\/en\/produit\/lavinia-etampe-prue\/","title":{"rendered":"Lavinia \u00c9tampe Prue"},"content":{"rendered":"<h1>Lavinia \u00c9tampe Prue<\/h1>\n<p>Une \u00e9tampe repr\u00e9sentant la silhouette de Prue, la sorci\u00e8re, coiff\u00e9e d&#8217;un chapeau pointu et tenant son b\u00e2ton de conjuration.<\/p>\n<p>Son v\u00eatement est effiloch\u00e9 \u00e0 l&#8217;ourlet et \u00e0 la manche, et un myst\u00e9rieux orbe rond orne le haut de son b\u00e2ton entre deux cornes. Cr\u00e9ez une sc\u00e8ne enchanteresse en utilisant cette \u00e9tampe associ\u00e9e \u00e0 d&#8217;autres \u00e9tampes mystiques.<\/p>\n<p>Dimension approximative:<\/p>\n<p>4.5 x 7.0 cm.<\/p>\n","protected":false},"excerpt":{"rendered":"<p>Lavinia Stamp &#8211; Prue<\/p>\n","protected":false},"featured_media":36465,"template":"","meta":{"_acf_changed":false},"product_brand":[],"product_cat":[422,342,252],"product_tag":[],"class_list":{"0":"post-36491","1":"product","2":"type-product","3":"status-publish","4":"has-post-thumbnail","6":"product_cat-fees","7":"product_cat-etampes-lavinia","8":"product_cat-herazz-nouveautes","9":"pa_brand_nc-lavinia","11":"first","12":"instock","13":"featured","14":"taxable","15":"shipping-taxable","16":"purchasable","17":"product-type-simple"},"acf":[],"aioseo_notices":[],"_links":{"self":[{"href":"https:\/\/www.galerie-scrapbooking.com\/en\/wp-json\/wp\/v2\/product\/36491","targetHints":{"allow":["GET"]}}],"collection":[{"href":"https:\/\/www.galerie-scrapbooking.com\/en\/wp-json\/wp\/v2\/product"}],"about":[{"href":"https:\/\/www.galerie-scrapbooking.com\/en\/wp-json\/wp\/v2\/types\/product"}],"wp:featuredmedia":[{"embeddable":true,"href":"https:\/\/www.galerie-scrapbooking.com\/en\/wp-json\/wp\/v2\/media\/36465"}],"wp:attachment":[{"href":"https:\/\/www.galerie-scrapbooking.com\/en\/wp-json\/wp\/v2\/media?parent=36491"}],"wp:term":[{"taxonomy":"product_brand","embeddable":true,"href":"https:\/\/www.galerie-scrapbooking.com\/en\/wp-json\/wp\/v2\/product_brand?post=36491"},{"taxonomy":"product_cat","embeddable":true,"href":"https:\/\/www.galerie-scrapbooking.com\/en\/wp-json\/wp\/v2\/product_cat?post=36491"},{"taxonomy":"product_tag","embeddable":true,"href":"https:\/\/www.galerie-scrapbooking.com\/en\/wp-json\/wp\/v2\/product_tag?post=36491"}],"curies":[{"name":"wp","href":"https:\/\/api.w.org\/{rel}","templated":true}]}}