{"id":36490,"date":"2025-09-25T08:30:42","date_gmt":"2025-09-25T12:30:42","guid":{"rendered":"https:\/\/www.galerie-scrapbooking.com\/?post_type=product&#038;p=36490"},"modified":"2026-01-06T12:53:25","modified_gmt":"2026-01-06T17:53:25","slug":"lavinia-etampe-penelope","status":"publish","type":"product","link":"https:\/\/www.galerie-scrapbooking.com\/en\/produit\/lavinia-etampe-penelope\/","title":{"rendered":"Lavinia \u00c9tampe P\u00e9n\u00e9lope"},"content":{"rendered":"<h1>Lavinia \u00c9tampe P\u00e9n\u00e9lope<\/h1>\n<p>Un ravissant jeu de deux \u00e9tampes repr\u00e9sentant une silhouette d&#8217;une jeune sorci\u00e8re coiff\u00e9e de son chapeau pointu.<\/p>\n<p>La premi\u00e8re \u00e9tampe repr\u00e9sente P\u00e9n\u00e9lope de face, ses cheveux en deux tresses espi\u00e8gles tombant sous son chapeau.<\/p>\n<p>La seconde la repr\u00e9sente de profil, le regard tourn\u00e9 vers le haut, une lanterne \u00e0 la main pour \u00e9clairer son chemin.<\/p>\n<p>Id\u00e9al pour les sc\u00e8nes narratives, choisissez la pose qui s&#8217;harmonise le mieux avec votre cr\u00e9ation. P\u00e9n\u00e9lope s&#8217;associe \u00e0 merveille avec des personnages mystiques des bois tels que Arwen, Echo ou Prue.<\/p>\n<p>Dimension approximative:<\/p>\n<p>2.4 cm x 4.5 cm &#8211; 2.8 cm x 4.6 cm<\/p>\n","protected":false},"excerpt":{"rendered":"<p>Lavinia Stamp &#8211; Penelope<\/p>\n","protected":false},"featured_media":36461,"template":"","meta":{"_acf_changed":false},"product_brand":[],"product_cat":[422,342,252],"product_tag":[],"class_list":{"0":"post-36490","1":"product","2":"type-product","3":"status-publish","4":"has-post-thumbnail","6":"product_cat-fees","7":"product_cat-etampes-lavinia","8":"product_cat-herazz-nouveautes","9":"pa_brand_nc-lavinia","11":"first","12":"instock","13":"featured","14":"taxable","15":"shipping-taxable","16":"purchasable","17":"product-type-simple"},"acf":[],"aioseo_notices":[],"_links":{"self":[{"href":"https:\/\/www.galerie-scrapbooking.com\/en\/wp-json\/wp\/v2\/product\/36490","targetHints":{"allow":["GET"]}}],"collection":[{"href":"https:\/\/www.galerie-scrapbooking.com\/en\/wp-json\/wp\/v2\/product"}],"about":[{"href":"https:\/\/www.galerie-scrapbooking.com\/en\/wp-json\/wp\/v2\/types\/product"}],"wp:featuredmedia":[{"embeddable":true,"href":"https:\/\/www.galerie-scrapbooking.com\/en\/wp-json\/wp\/v2\/media\/36461"}],"wp:attachment":[{"href":"https:\/\/www.galerie-scrapbooking.com\/en\/wp-json\/wp\/v2\/media?parent=36490"}],"wp:term":[{"taxonomy":"product_brand","embeddable":true,"href":"https:\/\/www.galerie-scrapbooking.com\/en\/wp-json\/wp\/v2\/product_brand?post=36490"},{"taxonomy":"product_cat","embeddable":true,"href":"https:\/\/www.galerie-scrapbooking.com\/en\/wp-json\/wp\/v2\/product_cat?post=36490"},{"taxonomy":"product_tag","embeddable":true,"href":"https:\/\/www.galerie-scrapbooking.com\/en\/wp-json\/wp\/v2\/product_tag?post=36490"}],"curies":[{"name":"wp","href":"https:\/\/api.w.org\/{rel}","templated":true}]}}