{"id":36489,"date":"2025-09-25T08:30:42","date_gmt":"2025-09-25T12:30:42","guid":{"rendered":"https:\/\/www.galerie-scrapbooking.com\/?post_type=product&#038;p=36489"},"modified":"2025-11-06T14:10:27","modified_gmt":"2025-11-06T19:10:27","slug":"lavinia-etampe-esme","status":"publish","type":"product","link":"https:\/\/www.galerie-scrapbooking.com\/en\/produit\/lavinia-etampe-esme\/","title":{"rendered":"Lavinia \u00c9tampe Esme"},"content":{"rendered":"<h1>Lavinia \u00c9tampe Esme<\/h1>\n<p>La silhouette d&#8217;Esm\u00e9e la sorci\u00e8re se dresse, les bras tendus pour conjurer.<\/p>\n<p>Elle porte une cape us\u00e9e dont les bords sont orn\u00e9s de filets effiloch\u00e9s, ainsi qu&#8217;un chapeau pointu \u00e0 larges bords. Ses cheveux sont balay\u00e9s vers la gauche, peut-\u00eatre par un vent \u00e9th\u00e9r\u00e9 issu de ses incantations.<\/p>\n<p>Esm\u00e9e s&#8217;int\u00e8gre parfaitement dans une sc\u00e8ne mystique avec ses compagnes de clan, Arwen et Prue.<\/p>\n<p>Dimension approximative:<\/p>\n<p>3.3 x 7.0 cm.<\/p>\n","protected":false},"excerpt":{"rendered":"<p>Lavinia Stamp &#8211; Esme<\/p>\n","protected":false},"featured_media":36457,"template":"","meta":{"_acf_changed":false},"product_brand":[],"product_cat":[422,342,252],"product_tag":[],"class_list":{"0":"post-36489","1":"product","2":"type-product","3":"status-publish","4":"has-post-thumbnail","6":"product_cat-fees","7":"product_cat-etampes-lavinia","8":"product_cat-herazz-nouveautes","9":"pa_brand_nc-lavinia","11":"first","12":"instock","13":"featured","14":"taxable","15":"shipping-taxable","16":"purchasable","17":"product-type-simple"},"acf":[],"aioseo_notices":[],"_links":{"self":[{"href":"https:\/\/www.galerie-scrapbooking.com\/en\/wp-json\/wp\/v2\/product\/36489","targetHints":{"allow":["GET"]}}],"collection":[{"href":"https:\/\/www.galerie-scrapbooking.com\/en\/wp-json\/wp\/v2\/product"}],"about":[{"href":"https:\/\/www.galerie-scrapbooking.com\/en\/wp-json\/wp\/v2\/types\/product"}],"wp:featuredmedia":[{"embeddable":true,"href":"https:\/\/www.galerie-scrapbooking.com\/en\/wp-json\/wp\/v2\/media\/36457"}],"wp:attachment":[{"href":"https:\/\/www.galerie-scrapbooking.com\/en\/wp-json\/wp\/v2\/media?parent=36489"}],"wp:term":[{"taxonomy":"product_brand","embeddable":true,"href":"https:\/\/www.galerie-scrapbooking.com\/en\/wp-json\/wp\/v2\/product_brand?post=36489"},{"taxonomy":"product_cat","embeddable":true,"href":"https:\/\/www.galerie-scrapbooking.com\/en\/wp-json\/wp\/v2\/product_cat?post=36489"},{"taxonomy":"product_tag","embeddable":true,"href":"https:\/\/www.galerie-scrapbooking.com\/en\/wp-json\/wp\/v2\/product_tag?post=36489"}],"curies":[{"name":"wp","href":"https:\/\/api.w.org\/{rel}","templated":true}]}}