{"id":36452,"date":"2025-09-25T08:30:42","date_gmt":"2025-09-25T12:30:42","guid":{"rendered":"https:\/\/www.galerie-scrapbooking.com\/?post_type=product&#038;p=36452"},"modified":"2025-11-27T08:31:47","modified_gmt":"2025-11-27T13:31:47","slug":"lavinia-etampe-arwen","status":"publish","type":"product","link":"https:\/\/www.galerie-scrapbooking.com\/en\/produit\/lavinia-etampe-arwen\/","title":{"rendered":"Lavinia \u00c9tampe Arwen"},"content":{"rendered":"<h1>Lavinia \u00c9tampe Arwen<\/h1>\n<p>Une \u00e9tampe repr\u00e9sentant la silhouette d&#8217;une myst\u00e9rieuse sorci\u00e8re nomm\u00e9e Arwen, tenant un b\u00e2ton sur lequel est suspendue une lanterne. Une cape flottante et d\u00e9chir\u00e9e tra\u00eene derri\u00e8re elle tandis qu&#8217;elle contemple les illuminations de sa lanterne.<\/p>\n<p>Arwen est un \u00e9l\u00e9ment central id\u00e9al dans une sc\u00e8ne, avec d&#8217;autres \u00e9tampes sur le th\u00e8me mystique ou d&#8217;Halloween, comme Chaudron bouillonnant ou Temple de la for\u00eat.<\/p>\n<p>Dimension approximative:<\/p>\n<p>4.7 x 7.0 cm.<\/p>\n","protected":false},"excerpt":{"rendered":"<p>Lavinia Stamp &#8211; Arwen<\/p>\n","protected":false},"featured_media":36453,"template":"","meta":{"_acf_changed":false},"product_brand":[],"product_cat":[422,342,252],"product_tag":[],"class_list":{"0":"post-36452","1":"product","2":"type-product","3":"status-publish","4":"has-post-thumbnail","6":"product_cat-fees","7":"product_cat-etampes-lavinia","8":"product_cat-herazz-nouveautes","9":"pa_brand_nc-lavinia","11":"first","12":"instock","13":"featured","14":"taxable","15":"shipping-taxable","16":"purchasable","17":"product-type-simple"},"acf":[],"aioseo_notices":[],"_links":{"self":[{"href":"https:\/\/www.galerie-scrapbooking.com\/en\/wp-json\/wp\/v2\/product\/36452","targetHints":{"allow":["GET"]}}],"collection":[{"href":"https:\/\/www.galerie-scrapbooking.com\/en\/wp-json\/wp\/v2\/product"}],"about":[{"href":"https:\/\/www.galerie-scrapbooking.com\/en\/wp-json\/wp\/v2\/types\/product"}],"wp:featuredmedia":[{"embeddable":true,"href":"https:\/\/www.galerie-scrapbooking.com\/en\/wp-json\/wp\/v2\/media\/36453"}],"wp:attachment":[{"href":"https:\/\/www.galerie-scrapbooking.com\/en\/wp-json\/wp\/v2\/media?parent=36452"}],"wp:term":[{"taxonomy":"product_brand","embeddable":true,"href":"https:\/\/www.galerie-scrapbooking.com\/en\/wp-json\/wp\/v2\/product_brand?post=36452"},{"taxonomy":"product_cat","embeddable":true,"href":"https:\/\/www.galerie-scrapbooking.com\/en\/wp-json\/wp\/v2\/product_cat?post=36452"},{"taxonomy":"product_tag","embeddable":true,"href":"https:\/\/www.galerie-scrapbooking.com\/en\/wp-json\/wp\/v2\/product_tag?post=36452"}],"curies":[{"name":"wp","href":"https:\/\/api.w.org\/{rel}","templated":true}]}}