{"id":3645,"date":"2015-06-11T22:31:40","date_gmt":"2015-06-11T22:31:40","guid":{"rendered":"https:\/\/commparlimage.ca\/garage\/herazz\/?product=peinture-h2o-bronze"},"modified":"2026-01-03T10:38:00","modified_gmt":"2026-01-03T15:38:00","slug":"peinture-h2o-bronze","status":"publish","type":"product","link":"https:\/\/www.galerie-scrapbooking.com\/en\/produit\/peinture-h2o-bronze\/","title":{"rendered":"Peinture H2O Bronze"},"content":{"rendered":"<p>Ces petits bijoux ont d&#8217;intenses couleurs \u00e9clatantes et nacr\u00e9es ,un chatoiement iris\u00e9 tout dans un petit pot \u00a0de 10g.<\/p>\n<p>Diluer avec de l&#8217;eau et appliquer avec un pinceau , une \u00e9ponge ou un autre outil de peinture. Un produit de Creative Imaginations.<\/p>\n","protected":false},"excerpt":{"rendered":"<p>Twinkling H2O&#8217;s Shimmering Watercolor<\/p>\n","protected":false},"featured_media":3646,"template":"","meta":{"_acf_changed":false},"product_brand":[],"product_cat":[39],"product_tag":[],"class_list":{"0":"post-3645","1":"product","2":"type-product","3":"status-publish","4":"has-post-thumbnail","6":"product_cat-liquidation-scrapbooking","7":"pa_brand_nc-autres","9":"first","10":"instock","11":"sale","12":"taxable","13":"shipping-taxable","14":"purchasable","15":"product-type-simple"},"acf":[],"aioseo_notices":[],"_links":{"self":[{"href":"https:\/\/www.galerie-scrapbooking.com\/en\/wp-json\/wp\/v2\/product\/3645","targetHints":{"allow":["GET"]}}],"collection":[{"href":"https:\/\/www.galerie-scrapbooking.com\/en\/wp-json\/wp\/v2\/product"}],"about":[{"href":"https:\/\/www.galerie-scrapbooking.com\/en\/wp-json\/wp\/v2\/types\/product"}],"wp:featuredmedia":[{"embeddable":true,"href":"https:\/\/www.galerie-scrapbooking.com\/en\/wp-json\/wp\/v2\/media\/3646"}],"wp:attachment":[{"href":"https:\/\/www.galerie-scrapbooking.com\/en\/wp-json\/wp\/v2\/media?parent=3645"}],"wp:term":[{"taxonomy":"product_brand","embeddable":true,"href":"https:\/\/www.galerie-scrapbooking.com\/en\/wp-json\/wp\/v2\/product_brand?post=3645"},{"taxonomy":"product_cat","embeddable":true,"href":"https:\/\/www.galerie-scrapbooking.com\/en\/wp-json\/wp\/v2\/product_cat?post=3645"},{"taxonomy":"product_tag","embeddable":true,"href":"https:\/\/www.galerie-scrapbooking.com\/en\/wp-json\/wp\/v2\/product_tag?post=3645"}],"curies":[{"name":"wp","href":"https:\/\/api.w.org\/{rel}","templated":true}]}}