{"id":36439,"date":"2025-09-18T08:34:03","date_gmt":"2025-09-18T12:34:03","guid":{"rendered":"https:\/\/www.galerie-scrapbooking.com\/?post_type=product&#038;p=36439"},"modified":"2025-11-27T11:50:38","modified_gmt":"2025-11-27T16:50:38","slug":"sizzix-plaque-embossage-3d-jardin-joyeux","status":"publish","type":"product","link":"https:\/\/www.galerie-scrapbooking.com\/en\/produit\/sizzix-plaque-embossage-3d-jardin-joyeux\/","title":{"rendered":"Sizzix Plaque embossage 3D Jardin Joyeux"},"content":{"rendered":"<h1>Sizzix Plaque embossage 3D Jardin Joyeux<\/h1>\n<p>Int\u00e9grez la beaut\u00e9 de la nature \u00e0 vos projets cr\u00e9atifs avec la Plaque embossage \u00a03D Textured Impressions.<\/p>\n<p>Orn\u00e9 d&#8217;un motif floral complexe, cette Plaque embossage ajoute une profondeur et une dimension \u00e9poustouflantes \u00e0 vos cr\u00e9ations, capturant l&#8217;essence d&#8217;un jardin fleuri et vibrant. Il suffit de passer la Plaque embossage dans votre machine Big Shot pour cr\u00e9er l&#8217;empreinte en relief.<\/p>\n<p>Que vous cr\u00e9iez des cartes, des albums ou des d\u00e9corations d&#8217;int\u00e9rieur, cette Plaque embossage insufflera \u00e0 vos projets une \u00e9l\u00e9gance et une texture naturelles. Transformez vos cr\u00e9ations en papier en \u0153uvres d&#8217;art fleuries et c\u00e9l\u00e9brez la beaut\u00e9 de la nature \u00e0 chaque empreinte !<\/p>\n<p>Fonctionnent avec la Big Shot Switch, Cuttlebug, Big Shot, Vagabond, Platinum, Grand Calibur, Etc.<\/p>\n<p>Dimensions approximatives:<\/p>\n<p>4 1\/2&#8243; x 6 1\/2&#8243; x 1\/4&#8243;<\/p>\n","protected":false},"excerpt":{"rendered":"<p>Sizzix 3-D Textured Embossing Folder &#8211; Shine Bright<\/p>\n","protected":false},"featured_media":36440,"template":"","meta":{"_acf_changed":false},"product_brand":[],"product_cat":[202,252,203],"product_tag":[],"class_list":{"0":"post-36439","1":"product","2":"type-product","3":"status-publish","4":"has-post-thumbnail","6":"product_cat-plaques-embossage","7":"product_cat-herazz-nouveautes","8":"product_cat-embossage-sizzix-timholtz","9":"pa_brand_nc-sizzix","11":"first","12":"instock","13":"featured","14":"taxable","15":"shipping-taxable","16":"purchasable","17":"product-type-simple"},"acf":[],"aioseo_notices":[],"_links":{"self":[{"href":"https:\/\/www.galerie-scrapbooking.com\/en\/wp-json\/wp\/v2\/product\/36439","targetHints":{"allow":["GET"]}}],"collection":[{"href":"https:\/\/www.galerie-scrapbooking.com\/en\/wp-json\/wp\/v2\/product"}],"about":[{"href":"https:\/\/www.galerie-scrapbooking.com\/en\/wp-json\/wp\/v2\/types\/product"}],"wp:featuredmedia":[{"embeddable":true,"href":"https:\/\/www.galerie-scrapbooking.com\/en\/wp-json\/wp\/v2\/media\/36440"}],"wp:attachment":[{"href":"https:\/\/www.galerie-scrapbooking.com\/en\/wp-json\/wp\/v2\/media?parent=36439"}],"wp:term":[{"taxonomy":"product_brand","embeddable":true,"href":"https:\/\/www.galerie-scrapbooking.com\/en\/wp-json\/wp\/v2\/product_brand?post=36439"},{"taxonomy":"product_cat","embeddable":true,"href":"https:\/\/www.galerie-scrapbooking.com\/en\/wp-json\/wp\/v2\/product_cat?post=36439"},{"taxonomy":"product_tag","embeddable":true,"href":"https:\/\/www.galerie-scrapbooking.com\/en\/wp-json\/wp\/v2\/product_tag?post=36439"}],"curies":[{"name":"wp","href":"https:\/\/api.w.org\/{rel}","templated":true}]}}