{"id":36434,"date":"2025-09-18T08:34:04","date_gmt":"2025-09-18T12:34:04","guid":{"rendered":"https:\/\/www.galerie-scrapbooking.com\/?post_type=product&#038;p=36434"},"modified":"2026-01-21T15:16:25","modified_gmt":"2026-01-21T20:16:25","slug":"hero-art-pince-reversible-tweezer","status":"publish","type":"product","link":"https:\/\/www.galerie-scrapbooking.com\/en\/produit\/hero-art-pince-reversible-tweezer\/","title":{"rendered":"Hero Art Pince r\u00e9versible Tweezer"},"content":{"rendered":"<h1>Hero Art Pince r\u00e9versible Tweezer<\/h1>\n<p>Les pinces \u00e0 prise invers\u00e9e Hero Arts sont dot\u00e9es d&#8217;une pointe auto-fermante qui vous permet de saisir facilement un objet sans le serrer. Elles sont id\u00e9ales pour manipuler les petits poin\u00e7ons et embellissements, ainsi que pour maintenir les objets lors du gaufrage \u00e0 chaud.<\/p>\n<p>Les outils Hero Art est une collection d&#8217;outils essentiels pour le tamponnage, la carterie, le scrapbooking et les techniques mixtes.<\/p>\n<p>Nous avons s\u00e9lectionn\u00e9 des produits de la plus haute qualit\u00e9, au design classique et \u00e0 l&#8217;image de la marque, dans l&#8217;esprit du style Hero Arts.<\/p>\n","protected":false},"excerpt":{"rendered":"<p>Hero Arts Reverse Grip Tweezers<\/p>\n","protected":false},"featured_media":36435,"template":"","meta":{"_acf_changed":false},"product_brand":[],"product_cat":[162,132,252],"product_tag":[],"class_list":{"0":"post-36434","1":"product","2":"type-product","3":"status-publish","4":"has-post-thumbnail","6":"product_cat-pell-off-accessoire","7":"product_cat-outils-accessoires-autres","8":"product_cat-herazz-nouveautes","9":"pa_brand_nc-ek-success","11":"first","12":"instock","13":"featured","14":"taxable","15":"shipping-taxable","16":"purchasable","17":"product-type-simple"},"acf":[],"aioseo_notices":[],"_links":{"self":[{"href":"https:\/\/www.galerie-scrapbooking.com\/en\/wp-json\/wp\/v2\/product\/36434","targetHints":{"allow":["GET"]}}],"collection":[{"href":"https:\/\/www.galerie-scrapbooking.com\/en\/wp-json\/wp\/v2\/product"}],"about":[{"href":"https:\/\/www.galerie-scrapbooking.com\/en\/wp-json\/wp\/v2\/types\/product"}],"wp:featuredmedia":[{"embeddable":true,"href":"https:\/\/www.galerie-scrapbooking.com\/en\/wp-json\/wp\/v2\/media\/36435"}],"wp:attachment":[{"href":"https:\/\/www.galerie-scrapbooking.com\/en\/wp-json\/wp\/v2\/media?parent=36434"}],"wp:term":[{"taxonomy":"product_brand","embeddable":true,"href":"https:\/\/www.galerie-scrapbooking.com\/en\/wp-json\/wp\/v2\/product_brand?post=36434"},{"taxonomy":"product_cat","embeddable":true,"href":"https:\/\/www.galerie-scrapbooking.com\/en\/wp-json\/wp\/v2\/product_cat?post=36434"},{"taxonomy":"product_tag","embeddable":true,"href":"https:\/\/www.galerie-scrapbooking.com\/en\/wp-json\/wp\/v2\/product_tag?post=36434"}],"curies":[{"name":"wp","href":"https:\/\/api.w.org\/{rel}","templated":true}]}}