{"id":36429,"date":"2025-09-18T08:34:04","date_gmt":"2025-09-18T12:34:04","guid":{"rendered":"https:\/\/www.galerie-scrapbooking.com\/?post_type=product&#038;p=36429"},"modified":"2025-11-27T11:50:37","modified_gmt":"2025-11-27T16:50:37","slug":"elizabeth-craft-die-ornements-du-temps-des-fetes","status":"publish","type":"product","link":"https:\/\/www.galerie-scrapbooking.com\/en\/produit\/elizabeth-craft-die-ornements-du-temps-des-fetes\/","title":{"rendered":"Elizabeth Craft Die Ornements du temps des F\u00eates"},"content":{"rendered":"<h1>Elizabeth Craft Die Ornements du temps des F\u00eates<\/h1>\n<p>Le set de matrices \u00ab D\u00e9corations festives \u00bb fait partie de la collection Houx festif de Paper Flowers.<\/p>\n<p>Cr\u00e9ez trois d\u00e9corations 3D de tailles diff\u00e9rentes avec un effet nid d&#8217;abeille, chacune de forme et de taille diff\u00e9rentes, parfaites pour d&#8217;\u00e9l\u00e9gantes d\u00e9corations de No\u00ebl ou des \u00e9l\u00e9ments d\u00e9coratifs sur des cartes !<\/p>\n<p>Ce set comprend 4 matrices fines en m\u00e9tal, la plus grande mesurant environ 7,4 x 10 cm.<\/p>\n<p>Ce paquet contient 6\u00a0 d\u00e9coupes au total.<\/p>\n","protected":false},"excerpt":{"rendered":"<p>Elizabeth Craft Metal Die &#8211; Festive Ornaments<\/p>\n","protected":false},"featured_media":36430,"template":"","meta":{"_acf_changed":false},"product_brand":[],"product_cat":[235,252],"product_tag":[],"class_list":{"0":"post-36429","1":"product","2":"type-product","3":"status-publish","4":"has-post-thumbnail","6":"product_cat-elizabeth-craft-matrices-decoupes-dies-scrapbooking","7":"product_cat-herazz-nouveautes","8":"pa_brand_nc-elizabeth-craft-designs","10":"first","11":"instock","12":"featured","13":"taxable","14":"shipping-taxable","15":"purchasable","16":"product-type-simple"},"acf":[],"aioseo_notices":[],"_links":{"self":[{"href":"https:\/\/www.galerie-scrapbooking.com\/en\/wp-json\/wp\/v2\/product\/36429","targetHints":{"allow":["GET"]}}],"collection":[{"href":"https:\/\/www.galerie-scrapbooking.com\/en\/wp-json\/wp\/v2\/product"}],"about":[{"href":"https:\/\/www.galerie-scrapbooking.com\/en\/wp-json\/wp\/v2\/types\/product"}],"wp:featuredmedia":[{"embeddable":true,"href":"https:\/\/www.galerie-scrapbooking.com\/en\/wp-json\/wp\/v2\/media\/36430"}],"wp:attachment":[{"href":"https:\/\/www.galerie-scrapbooking.com\/en\/wp-json\/wp\/v2\/media?parent=36429"}],"wp:term":[{"taxonomy":"product_brand","embeddable":true,"href":"https:\/\/www.galerie-scrapbooking.com\/en\/wp-json\/wp\/v2\/product_brand?post=36429"},{"taxonomy":"product_cat","embeddable":true,"href":"https:\/\/www.galerie-scrapbooking.com\/en\/wp-json\/wp\/v2\/product_cat?post=36429"},{"taxonomy":"product_tag","embeddable":true,"href":"https:\/\/www.galerie-scrapbooking.com\/en\/wp-json\/wp\/v2\/product_tag?post=36429"}],"curies":[{"name":"wp","href":"https:\/\/api.w.org\/{rel}","templated":true}]}}