{"id":36422,"date":"2025-09-18T08:34:04","date_gmt":"2025-09-18T12:34:04","guid":{"rendered":"https:\/\/www.galerie-scrapbooking.com\/?post_type=product&#038;p=36422"},"modified":"2026-01-04T21:07:10","modified_gmt":"2026-01-05T02:07:10","slug":"stamperia-papier-de-riz-le-chalet-de-la-maison-du-hibou","status":"publish","type":"product","link":"https:\/\/www.galerie-scrapbooking.com\/en\/produit\/stamperia-papier-de-riz-le-chalet-de-la-maison-du-hibou\/","title":{"rendered":"Stamperia Papier de Riz Le chalet de la maison du hibou"},"content":{"rendered":"<h1>Stamperia Papier de Riz Le chalet de la maison du hibou<\/h1>\n<p>Bonbons de No\u00ebl est un univers magique en sucre, une collection fantaisiste qui exauce vos plus beaux r\u00eaves de No\u00ebl. Un d\u00e9licieux m\u00e9lange de pastels doux et de riches tons festifs.<\/p>\n<p>Id\u00e9al pour le scrapbooking, la cr\u00e9ation de cartes, le journaling et les d\u00e9corations de No\u00ebl DIY, Candy Christmas est une douce escapade dans un joyeux conte de No\u00ebl.<\/p>\n<p>Dimensions approximatives :<\/p>\n<p>8.25 x 11.75 pouces<\/p>\n","protected":false},"excerpt":{"rendered":"<p>Stamperia Rice Paper &#8211; The Owl&#8217;s House Cottage<\/p>\n","protected":false},"featured_media":36418,"template":"","meta":{"_acf_changed":false},"product_brand":[],"product_cat":[252,319,352],"product_tag":[],"class_list":{"0":"post-36422","1":"product","2":"type-product","3":"status-publish","4":"has-post-thumbnail","6":"product_cat-herazz-nouveautes","7":"product_cat-papier-de-riz","8":"product_cat-papier-de-riz-stamperia","9":"pa_brand_nc-stamperia","11":"first","12":"instock","13":"featured","14":"taxable","15":"shipping-taxable","16":"purchasable","17":"product-type-simple"},"acf":[],"aioseo_notices":[],"_links":{"self":[{"href":"https:\/\/www.galerie-scrapbooking.com\/en\/wp-json\/wp\/v2\/product\/36422","targetHints":{"allow":["GET"]}}],"collection":[{"href":"https:\/\/www.galerie-scrapbooking.com\/en\/wp-json\/wp\/v2\/product"}],"about":[{"href":"https:\/\/www.galerie-scrapbooking.com\/en\/wp-json\/wp\/v2\/types\/product"}],"wp:featuredmedia":[{"embeddable":true,"href":"https:\/\/www.galerie-scrapbooking.com\/en\/wp-json\/wp\/v2\/media\/36418"}],"wp:attachment":[{"href":"https:\/\/www.galerie-scrapbooking.com\/en\/wp-json\/wp\/v2\/media?parent=36422"}],"wp:term":[{"taxonomy":"product_brand","embeddable":true,"href":"https:\/\/www.galerie-scrapbooking.com\/en\/wp-json\/wp\/v2\/product_brand?post=36422"},{"taxonomy":"product_cat","embeddable":true,"href":"https:\/\/www.galerie-scrapbooking.com\/en\/wp-json\/wp\/v2\/product_cat?post=36422"},{"taxonomy":"product_tag","embeddable":true,"href":"https:\/\/www.galerie-scrapbooking.com\/en\/wp-json\/wp\/v2\/product_tag?post=36422"}],"curies":[{"name":"wp","href":"https:\/\/api.w.org\/{rel}","templated":true}]}}