{"id":36410,"date":"2025-09-18T08:34:04","date_gmt":"2025-09-18T12:34:04","guid":{"rendered":"https:\/\/www.galerie-scrapbooking.com\/?post_type=product&#038;p=36410"},"modified":"2026-01-06T11:45:27","modified_gmt":"2026-01-06T16:45:27","slug":"stamperia-ensemble-12-x-12-bonbons-de-noel","status":"publish","type":"product","link":"https:\/\/www.galerie-scrapbooking.com\/en\/produit\/stamperia-ensemble-12-x-12-bonbons-de-noel\/","title":{"rendered":"Stamperia Ensemble 12&#8243; x 12&#8243; Bonbons de No\u00ebl"},"content":{"rendered":"<h1>Stamperia Ensemble 12&#8243; x 12&#8243; Bonbons de No\u00ebl<\/h1>\n<p>L&#8217;ensemble Bonbons de No\u00ebl est un univers magique en sucre, une collection fantaisiste qui exauce vos plus beaux r\u00eaves de No\u00ebl. Un d\u00e9licieux m\u00e9lange de pastels doux et de riches tons festifs.<\/p>\n<p>Chaque page du bloc et tous ses accessoires sont un r\u00e9gal pour les yeux. Id\u00e9al pour le scrapbooking, la cr\u00e9ation de cartes, le journaling et les d\u00e9corations de No\u00ebl.<\/p>\n<p>Ccet ensemble est une douce escapade dans un joyeux conte de No\u00ebl.<\/p>\n<p>Ce paquet contient du papier cartonn\u00e9 double face Stamperia 12&#215;12 pouces, dix feuilles.<\/p>\n","protected":false},"excerpt":{"rendered":"<p>Stamperia Double-Sided Paper Pad 12&#8243;X12&#8243; 10\/Pkg &#8211; Candy Christmas<\/p>\n","protected":false},"featured_media":36411,"template":"","meta":{"_acf_changed":false},"product_brand":[],"product_cat":[141,252,345],"product_tag":[],"class_list":{"0":"post-36410","1":"product","2":"type-product","3":"status-publish","4":"has-post-thumbnail","6":"product_cat-ensemble-papier-scrapbooking","7":"product_cat-herazz-nouveautes","8":"product_cat-papiers-stamperia","9":"pa_brand_nc-stamperia","11":"first","12":"instock","13":"featured","14":"taxable","15":"shipping-taxable","16":"purchasable","17":"product-type-simple"},"acf":[],"aioseo_notices":[],"_links":{"self":[{"href":"https:\/\/www.galerie-scrapbooking.com\/en\/wp-json\/wp\/v2\/product\/36410","targetHints":{"allow":["GET"]}}],"collection":[{"href":"https:\/\/www.galerie-scrapbooking.com\/en\/wp-json\/wp\/v2\/product"}],"about":[{"href":"https:\/\/www.galerie-scrapbooking.com\/en\/wp-json\/wp\/v2\/types\/product"}],"wp:featuredmedia":[{"embeddable":true,"href":"https:\/\/www.galerie-scrapbooking.com\/en\/wp-json\/wp\/v2\/media\/36411"}],"wp:attachment":[{"href":"https:\/\/www.galerie-scrapbooking.com\/en\/wp-json\/wp\/v2\/media?parent=36410"}],"wp:term":[{"taxonomy":"product_brand","embeddable":true,"href":"https:\/\/www.galerie-scrapbooking.com\/en\/wp-json\/wp\/v2\/product_brand?post=36410"},{"taxonomy":"product_cat","embeddable":true,"href":"https:\/\/www.galerie-scrapbooking.com\/en\/wp-json\/wp\/v2\/product_cat?post=36410"},{"taxonomy":"product_tag","embeddable":true,"href":"https:\/\/www.galerie-scrapbooking.com\/en\/wp-json\/wp\/v2\/product_tag?post=36410"}],"curies":[{"name":"wp","href":"https:\/\/api.w.org\/{rel}","templated":true}]}}