{"id":36391,"date":"2025-09-04T08:29:47","date_gmt":"2025-09-04T12:29:47","guid":{"rendered":"https:\/\/www.galerie-scrapbooking.com\/?post_type=product&#038;p=36391"},"modified":"2025-11-25T09:07:15","modified_gmt":"2025-11-25T14:07:15","slug":"aall-and-create-ensemble-detampes-guirlande-de-bonbons","status":"publish","type":"product","link":"https:\/\/www.galerie-scrapbooking.com\/en\/produit\/aall-and-create-ensemble-detampes-guirlande-de-bonbons\/","title":{"rendered":"Aall and Create Ensemble d&#8217;\u00e9tampes Guirlande De Bonbons"},"content":{"rendered":"<h1>Aall and Create Ensemble d&#8217;\u00e9tampes Guirlande De Bonbons<\/h1>\n<p>Ce lot d&#8217;\u00e9tampes photopolym\u00e8res transparentes de haute qualit\u00e9, fabriqu\u00e9es au Royaume-Uni, est id\u00e9al pour r\u00e9aliser des impressions nettes et d\u00e9taill\u00e9es.<\/p>\n<p>Con\u00e7us pour adh\u00e9rer facilement \u00e0 tout bloc acrylique transparent, ces tampons offrent une excellente pr\u00e9cision pour vos projets cr\u00e9atifs.<\/p>\n<p>La planche mesure 15 x 10 cm et comprend 2 \u00e9tampes polyvalentes, parfaits pour ajouter une touche personnelle \u00e0 vos cr\u00e9ations.<\/p>\n<p>&nbsp;<\/p>\n<p>&nbsp;<\/p>\n","protected":false},"excerpt":{"rendered":"<p>AALL and Create &#8211; Stamp Set &#8211; Candy Tinsel<\/p>\n","protected":false},"featured_media":36389,"template":"","meta":{"_acf_changed":false},"product_brand":[],"product_cat":[2118,252],"product_tag":[],"class_list":{"0":"post-36391","1":"product","2":"type-product","3":"status-publish","4":"has-post-thumbnail","6":"product_cat-etampe-scrapbooking-aall-and-create","7":"product_cat-herazz-nouveautes","8":"pa_brand_nc-aall-and-create","10":"first","11":"instock","12":"featured","13":"taxable","14":"shipping-taxable","15":"purchasable","16":"product-type-simple"},"acf":[],"aioseo_notices":[],"_links":{"self":[{"href":"https:\/\/www.galerie-scrapbooking.com\/en\/wp-json\/wp\/v2\/product\/36391","targetHints":{"allow":["GET"]}}],"collection":[{"href":"https:\/\/www.galerie-scrapbooking.com\/en\/wp-json\/wp\/v2\/product"}],"about":[{"href":"https:\/\/www.galerie-scrapbooking.com\/en\/wp-json\/wp\/v2\/types\/product"}],"wp:featuredmedia":[{"embeddable":true,"href":"https:\/\/www.galerie-scrapbooking.com\/en\/wp-json\/wp\/v2\/media\/36389"}],"wp:attachment":[{"href":"https:\/\/www.galerie-scrapbooking.com\/en\/wp-json\/wp\/v2\/media?parent=36391"}],"wp:term":[{"taxonomy":"product_brand","embeddable":true,"href":"https:\/\/www.galerie-scrapbooking.com\/en\/wp-json\/wp\/v2\/product_brand?post=36391"},{"taxonomy":"product_cat","embeddable":true,"href":"https:\/\/www.galerie-scrapbooking.com\/en\/wp-json\/wp\/v2\/product_cat?post=36391"},{"taxonomy":"product_tag","embeddable":true,"href":"https:\/\/www.galerie-scrapbooking.com\/en\/wp-json\/wp\/v2\/product_tag?post=36391"}],"curies":[{"name":"wp","href":"https:\/\/api.w.org\/{rel}","templated":true}]}}