{"id":36373,"date":"2025-08-28T08:13:21","date_gmt":"2025-08-28T12:13:21","guid":{"rendered":"https:\/\/www.galerie-scrapbooking.com\/?post_type=product&#038;p=36373"},"modified":"2026-04-20T21:12:15","modified_gmt":"2026-04-21T01:12:15","slug":"posca-marqueur-pointe-extra-fine-brun","status":"publish","type":"product","link":"https:\/\/www.galerie-scrapbooking.com\/en\/produit\/posca-marqueur-pointe-extra-fine-brun\/","title":{"rendered":"POSCA Marqueur Pointe Extra-Fine Brun"},"content":{"rendered":"<h1>POSCA Marqueur Pointe Extra-Fine Brun<\/h1>\n<p>Les marqueurs de peinture POSCA non toxiques \u00e0 base d&#8217;eau peuvent \u00eatre utilis\u00e9s sur presque toutes les surfaces et sont appr\u00e9ci\u00e9s des professionnels, des amateurs cr\u00e9atifs et des amateurs.<\/p>\n<p>La peinture opaque sans alcool ni solvant couvre bien, se m\u00e9lange, s\u00e8che rapidement et peut \u00eatre recouverte une fois s\u00e8che<\/p>\n<p>Des d\u00e9tails:<\/p>\n<p>Disponible en plusieurs couleurs<\/p>\n<p>Pointe de 0.7 mm<\/p>\n<p>Pointe extra-fine.<\/p>\n","protected":false},"excerpt":{"rendered":"<p>POSCA 1M Extra-Fine Bullet Tip Paint Marker &#8211; Brown<\/p>\n","protected":false},"featured_media":36374,"template":"","meta":{"_acf_changed":false},"product_brand":[],"product_cat":[252,404],"product_tag":[],"class_list":{"0":"post-36373","1":"product","2":"type-product","3":"status-publish","4":"has-post-thumbnail","6":"product_cat-herazz-nouveautes","7":"product_cat-marqueur-posca","8":"pa_brand_nc-autres","10":"first","11":"instock","12":"taxable","13":"shipping-taxable","14":"purchasable","15":"product-type-simple"},"acf":[],"aioseo_notices":[],"_links":{"self":[{"href":"https:\/\/www.galerie-scrapbooking.com\/en\/wp-json\/wp\/v2\/product\/36373","targetHints":{"allow":["GET"]}}],"collection":[{"href":"https:\/\/www.galerie-scrapbooking.com\/en\/wp-json\/wp\/v2\/product"}],"about":[{"href":"https:\/\/www.galerie-scrapbooking.com\/en\/wp-json\/wp\/v2\/types\/product"}],"wp:featuredmedia":[{"embeddable":true,"href":"https:\/\/www.galerie-scrapbooking.com\/en\/wp-json\/wp\/v2\/media\/36374"}],"wp:attachment":[{"href":"https:\/\/www.galerie-scrapbooking.com\/en\/wp-json\/wp\/v2\/media?parent=36373"}],"wp:term":[{"taxonomy":"product_brand","embeddable":true,"href":"https:\/\/www.galerie-scrapbooking.com\/en\/wp-json\/wp\/v2\/product_brand?post=36373"},{"taxonomy":"product_cat","embeddable":true,"href":"https:\/\/www.galerie-scrapbooking.com\/en\/wp-json\/wp\/v2\/product_cat?post=36373"},{"taxonomy":"product_tag","embeddable":true,"href":"https:\/\/www.galerie-scrapbooking.com\/en\/wp-json\/wp\/v2\/product_tag?post=36373"}],"curies":[{"name":"wp","href":"https:\/\/api.w.org\/{rel}","templated":true}]}}