{"id":36314,"date":"2025-08-28T08:13:23","date_gmt":"2025-08-28T12:13:23","guid":{"rendered":"https:\/\/www.galerie-scrapbooking.com\/?post_type=product&#038;p=36314"},"modified":"2026-04-22T05:26:15","modified_gmt":"2026-04-22T09:26:15","slug":"tim-holtz-alcohol-ink-neon-fluorescent","status":"publish","type":"product","link":"https:\/\/www.galerie-scrapbooking.com\/en\/produit\/tim-holtz-alcohol-ink-neon-fluorescent\/","title":{"rendered":"Tim Holtz Alcohol Ink N\u00e9on Fluorescent"},"content":{"rendered":"<h1>Tim Holtz Alcohol Ink N\u00e9on Fluorescent<\/h1>\n<p>Explorez la couleur avec les teintes vibrantes des encres \u00e0 alcool Tim Holtz\u00ae. Les encres \u00e0 alcool sont des encres pigment\u00e9es permanentes, \u00e0 s\u00e9chage rapide et sans acide, formul\u00e9es pour cr\u00e9er des effets lumineux et \u00e9clatants sur les surfaces non poreuses.<\/p>\n<p>\u00c0 utiliser avec les encres \u00e0 alcool Tim Holtz et \u00e0 m\u00e9langer avec la solution de m\u00e9lange \u00e0 l&#8217;alcool.<\/p>\n<p>Flacon de 14 ml (0,5 oz liq.)<\/p>\n<p>Vid\u00e9o de Tim Holtz:<br \/>\n&nbsp;<br \/>\n<iframe loading=\"lazy\" width=\"560\" height=\"315\" src=\"https:\/\/www.youtube.com\/embed\/9hBmO6O0jL8?si=Kx5modozf8IXzMfl\" title=\"YouTube video player\" frameborder=\"0\" allow=\"accelerometer; autoplay; clipboard-write; encrypted-media; gyroscope; picture-in-picture; web-share\" referrerpolicy=\"strict-origin-when-cross-origin\" allowfullscreen><\/iframe><\/p>\n","protected":false},"excerpt":{"rendered":"<p>Tim Holtz Neon Alcohol Ink 0.5oz &#8211; Fluorescent<\/p>\n","protected":false},"featured_media":36329,"template":"","meta":{"_acf_changed":false},"product_brand":[],"product_cat":[114,252,393],"product_tag":[],"class_list":{"0":"post-36314","1":"product","2":"type-product","3":"status-publish","4":"has-post-thumbnail","6":"product_cat-alcohol-ink","7":"product_cat-herazz-nouveautes","8":"product_cat-alcohol-ink-ranger","9":"pa_brand_nc-ranger","11":"first","12":"instock","13":"featured","14":"taxable","15":"shipping-taxable","16":"purchasable","17":"product-type-simple"},"acf":[],"aioseo_notices":[],"_links":{"self":[{"href":"https:\/\/www.galerie-scrapbooking.com\/en\/wp-json\/wp\/v2\/product\/36314","targetHints":{"allow":["GET"]}}],"collection":[{"href":"https:\/\/www.galerie-scrapbooking.com\/en\/wp-json\/wp\/v2\/product"}],"about":[{"href":"https:\/\/www.galerie-scrapbooking.com\/en\/wp-json\/wp\/v2\/types\/product"}],"wp:featuredmedia":[{"embeddable":true,"href":"https:\/\/www.galerie-scrapbooking.com\/en\/wp-json\/wp\/v2\/media\/36329"}],"wp:attachment":[{"href":"https:\/\/www.galerie-scrapbooking.com\/en\/wp-json\/wp\/v2\/media?parent=36314"}],"wp:term":[{"taxonomy":"product_brand","embeddable":true,"href":"https:\/\/www.galerie-scrapbooking.com\/en\/wp-json\/wp\/v2\/product_brand?post=36314"},{"taxonomy":"product_cat","embeddable":true,"href":"https:\/\/www.galerie-scrapbooking.com\/en\/wp-json\/wp\/v2\/product_cat?post=36314"},{"taxonomy":"product_tag","embeddable":true,"href":"https:\/\/www.galerie-scrapbooking.com\/en\/wp-json\/wp\/v2\/product_tag?post=36314"}],"curies":[{"name":"wp","href":"https:\/\/api.w.org\/{rel}","templated":true}]}}