{"id":3629,"date":"2015-05-28T15:33:22","date_gmt":"2015-05-28T15:33:22","guid":{"rendered":"https:\/\/commparlimage.ca\/garage\/herazz\/?product=tim-holtz-distress-sprayer"},"modified":"2025-12-26T12:12:18","modified_gmt":"2025-12-26T17:12:18","slug":"tim-holtz-distress-sprayer","status":"publish","type":"product","link":"https:\/\/www.galerie-scrapbooking.com\/en\/produit\/tim-holtz-distress-sprayer\/","title":{"rendered":"Tim Holtz Distress Sprayer"},"content":{"rendered":"<p>Le nouveau pulv\u00e9risateur Tim Holtz Distress est l&#8217;outil parfait pour cr\u00e9er des effets de pulv\u00e9risation avec de l&#8217;eau.<\/p>\n<p>Utilisez des Distress Ink, peinture, teinture et plus pour cr\u00e9er des gouttelettes d&#8217;eau de divers effets.<\/p>\n<p>Le pulv\u00e9risateur \u00e0 g\u00e2chette permet une couverture rapide et facile ou presser \u00e0 mi-chemin pour cr\u00e9er des gouttelettes d&#8217;eau.<\/p>\n<p>Le pulv\u00e9risateur dispose d&#8217;un bouton de d\u00e9clenchement de verrouillage.<\/p>\n<p>Pulv\u00e9risateur de 2 onces ou 60 ml.<\/p>\n","protected":false},"excerpt":{"rendered":"<p>Distress Sprayer 60 ml.<\/p>\n","protected":false},"featured_media":3630,"template":"","meta":{"_acf_changed":false},"product_brand":[],"product_cat":[123,115,386],"product_tag":[],"class_list":{"0":"post-3629","1":"product","2":"type-product","3":"status-publish","4":"has-post-thumbnail","6":"product_cat-etampe-scrapbooking-accessoires","7":"product_cat-encres-accessoires","8":"product_cat-tim-holtz-ranger","9":"pa_brand_nc-tim-holtz","11":"first","12":"instock","13":"taxable","14":"shipping-taxable","15":"purchasable","16":"product-type-simple"},"acf":[],"aioseo_notices":[],"_links":{"self":[{"href":"https:\/\/www.galerie-scrapbooking.com\/en\/wp-json\/wp\/v2\/product\/3629","targetHints":{"allow":["GET"]}}],"collection":[{"href":"https:\/\/www.galerie-scrapbooking.com\/en\/wp-json\/wp\/v2\/product"}],"about":[{"href":"https:\/\/www.galerie-scrapbooking.com\/en\/wp-json\/wp\/v2\/types\/product"}],"wp:featuredmedia":[{"embeddable":true,"href":"https:\/\/www.galerie-scrapbooking.com\/en\/wp-json\/wp\/v2\/media\/3630"}],"wp:attachment":[{"href":"https:\/\/www.galerie-scrapbooking.com\/en\/wp-json\/wp\/v2\/media?parent=3629"}],"wp:term":[{"taxonomy":"product_brand","embeddable":true,"href":"https:\/\/www.galerie-scrapbooking.com\/en\/wp-json\/wp\/v2\/product_brand?post=3629"},{"taxonomy":"product_cat","embeddable":true,"href":"https:\/\/www.galerie-scrapbooking.com\/en\/wp-json\/wp\/v2\/product_cat?post=3629"},{"taxonomy":"product_tag","embeddable":true,"href":"https:\/\/www.galerie-scrapbooking.com\/en\/wp-json\/wp\/v2\/product_tag?post=3629"}],"curies":[{"name":"wp","href":"https:\/\/api.w.org\/{rel}","templated":true}]}}