{"id":36207,"date":"2025-07-17T08:34:24","date_gmt":"2025-07-17T12:34:24","guid":{"rendered":"https:\/\/www.galerie-scrapbooking.com\/?post_type=product&#038;p=36207"},"modified":"2025-11-26T10:35:11","modified_gmt":"2025-11-26T15:35:11","slug":"spellbinders-plaque-embossage-lettre-griffonnee","status":"publish","type":"product","link":"https:\/\/www.galerie-scrapbooking.com\/en\/produit\/spellbinders-plaque-embossage-lettre-griffonnee\/","title":{"rendered":"Spellbinders Plaque embossage Lettre griffonn\u00e9e"},"content":{"rendered":"<h1>Spellbinders Plaque embossage Lettre griffonn\u00e9e<\/h1>\n<p>Le dossier de gaufrage lettre grifonn\u00e9e est issu de la collection Collaged Birds de Dina Wakley. Ajoutez une touche de charme manuscrit \u00e0 vos projets avec ce dossier ludique. Riche en mots libres et manuscrits, ses textures et son \u00e9l\u00e9gance en font un support id\u00e9al pour vos cartes, carnets d&#8217;art, albums de scrapbooking et bien plus encore.<\/p>\n<p>Il couvre tous les formats de cartes, du format A2 au format 12,7 x 18 cm, en passant par les cartes fines tendance. Spellbinders est ravi de collaborer avec l&#8217;artiste multim\u00e9dia Dina Wakley !<\/p>\n<p>Taille approximative : 8,50 x 5,50 pouces &#8211; 21,60 x 13,97 cm.<\/p>\n","protected":false},"excerpt":{"rendered":"<p>Spellbinders Embossing Folder 8.5&#8243;x5.5&#8243; &#8211; Scribbled Letter<\/p>\n","protected":false},"featured_media":36189,"template":"","meta":{"_acf_changed":false},"product_brand":[],"product_cat":[202,252,205],"product_tag":[],"class_list":{"0":"post-36207","1":"product","2":"type-product","3":"status-publish","4":"has-post-thumbnail","6":"product_cat-plaques-embossage","7":"product_cat-herazz-nouveautes","8":"product_cat-embossage-spellbinders","9":"pa_brand_nc-spellbinders","11":"first","12":"instock","13":"taxable","14":"shipping-taxable","15":"purchasable","16":"product-type-simple"},"acf":[],"aioseo_notices":[],"_links":{"self":[{"href":"https:\/\/www.galerie-scrapbooking.com\/en\/wp-json\/wp\/v2\/product\/36207","targetHints":{"allow":["GET"]}}],"collection":[{"href":"https:\/\/www.galerie-scrapbooking.com\/en\/wp-json\/wp\/v2\/product"}],"about":[{"href":"https:\/\/www.galerie-scrapbooking.com\/en\/wp-json\/wp\/v2\/types\/product"}],"wp:featuredmedia":[{"embeddable":true,"href":"https:\/\/www.galerie-scrapbooking.com\/en\/wp-json\/wp\/v2\/media\/36189"}],"wp:attachment":[{"href":"https:\/\/www.galerie-scrapbooking.com\/en\/wp-json\/wp\/v2\/media?parent=36207"}],"wp:term":[{"taxonomy":"product_brand","embeddable":true,"href":"https:\/\/www.galerie-scrapbooking.com\/en\/wp-json\/wp\/v2\/product_brand?post=36207"},{"taxonomy":"product_cat","embeddable":true,"href":"https:\/\/www.galerie-scrapbooking.com\/en\/wp-json\/wp\/v2\/product_cat?post=36207"},{"taxonomy":"product_tag","embeddable":true,"href":"https:\/\/www.galerie-scrapbooking.com\/en\/wp-json\/wp\/v2\/product_tag?post=36207"}],"curies":[{"name":"wp","href":"https:\/\/api.w.org\/{rel}","templated":true}]}}