{"id":36206,"date":"2025-07-17T08:34:24","date_gmt":"2025-07-17T12:34:24","guid":{"rendered":"https:\/\/www.galerie-scrapbooking.com\/?post_type=product&#038;p=36206"},"modified":"2026-03-02T11:40:43","modified_gmt":"2026-03-02T16:40:43","slug":"spellbinders-matrices-de-coupe-mots-en-francais","status":"publish","type":"product","link":"https:\/\/www.galerie-scrapbooking.com\/en\/produit\/spellbinders-matrices-de-coupe-mots-en-francais\/","title":{"rendered":"Spellbinders Matrices de coupe Mots en fran\u00e7ais"},"content":{"rendered":"<h1>Spellbinders Matrices de coupe Mots en fran\u00e7ais<\/h1>\n<p>Les matrices de d\u00e9coupe grav\u00e9es \u00ab Sentiments du quotidien en fran\u00e7ais \u00bb font partie de la collection \u00ab Sentiments internationaux \u00bb. Ce lot de 15 matrices de d\u00e9coupe en m\u00e9tal fin permet de cr\u00e9er de nombreuses phrases fran\u00e7aises.<\/p>\n<p>La police d&#8217;\u00e9criture fantaisie peut \u00eatre utilis\u00e9e en police \u00e9troite ou accentu\u00e9e gr\u00e2ce \u00e0 la matrice d&#8217;ombrage assortie. Pour exprimer encore plus vos sentiments, essayez l&#8217;ensemble plaque et matrice de presse \u00ab Sentiments fran\u00e7ais \u00bb BP-233, en typographie ou en dorure, pour une impression impressionnante ! Parmi les mots : Joyeux, Je, Merci, Anniversaire, Felicitations et Je T\u2019aime.<\/p>\n<p>Ajoutez une touche internationale \u00e0 vos projets et mettez en valeur vos comp\u00e9tences linguistiques avec la collection \u00ab Sentiments internationaux \u00bb ! Sublimez vos projets en les d\u00e9coupant, en les impressionnant avec le syst\u00e8me BetterPress ou en ajoutant des v\u0153ux p\u00e9tillants avec le syst\u00e8me Glimmer Hot Foil.<\/p>\n<p>&nbsp;<\/p>\n<p>Dimensions approximatives:<\/p>\n<p>Matrices de d\u00e9coupe Mots :<\/p>\n<p>Joyeux : 5,30 x 2,40 cm<br \/>\nJe : 2,3 x 2,40 cm<br \/>\nMerci : 4,90 x 2,20 cm<br \/>\nAnniversaire : 9,40 x 3,10 cm<br \/>\nF\u00e9licitations : 8,60 x 3,10 cm<br \/>\nT\u2019aime : 5,00 x 2,40 cm<\/p>\n<p>Matrices Ombres :<\/p>\n<p>Joyeux : 5,60 x 2,70 cm<br \/>\nJe : 2,50 x 2,60 cm<br \/>\nMerci : 5,20 x 2,40 cm<br \/>\nAnniversaire : 9,70 x 3,40 cm<br \/>\nF\u00e9licitations : 8,90 x 3,40 cm<br \/>\nT\u2019aime : 5,20 x 2,70 cm<\/p>\n<p>&nbsp;<\/p>\n","protected":false},"excerpt":{"rendered":"<p>Spellbinders Etched Dies &#8211; French sentiments<\/p>\n","protected":false},"featured_media":36183,"template":"","meta":{"_acf_changed":false},"product_brand":[],"product_cat":[252,195],"product_tag":[],"class_list":{"0":"post-36206","1":"product","2":"type-product","3":"status-publish","4":"has-post-thumbnail","6":"product_cat-herazz-nouveautes","7":"product_cat-shapeabilities-spellbinders-scrapbooking","8":"pa_brand_nc-spellbinders","10":"first","11":"instock","12":"taxable","13":"shipping-taxable","14":"purchasable","15":"product-type-simple"},"acf":[],"aioseo_notices":[],"_links":{"self":[{"href":"https:\/\/www.galerie-scrapbooking.com\/en\/wp-json\/wp\/v2\/product\/36206","targetHints":{"allow":["GET"]}}],"collection":[{"href":"https:\/\/www.galerie-scrapbooking.com\/en\/wp-json\/wp\/v2\/product"}],"about":[{"href":"https:\/\/www.galerie-scrapbooking.com\/en\/wp-json\/wp\/v2\/types\/product"}],"wp:featuredmedia":[{"embeddable":true,"href":"https:\/\/www.galerie-scrapbooking.com\/en\/wp-json\/wp\/v2\/media\/36183"}],"wp:attachment":[{"href":"https:\/\/www.galerie-scrapbooking.com\/en\/wp-json\/wp\/v2\/media?parent=36206"}],"wp:term":[{"taxonomy":"product_brand","embeddable":true,"href":"https:\/\/www.galerie-scrapbooking.com\/en\/wp-json\/wp\/v2\/product_brand?post=36206"},{"taxonomy":"product_cat","embeddable":true,"href":"https:\/\/www.galerie-scrapbooking.com\/en\/wp-json\/wp\/v2\/product_cat?post=36206"},{"taxonomy":"product_tag","embeddable":true,"href":"https:\/\/www.galerie-scrapbooking.com\/en\/wp-json\/wp\/v2\/product_tag?post=36206"}],"curies":[{"name":"wp","href":"https:\/\/api.w.org\/{rel}","templated":true}]}}