{"id":36205,"date":"2025-07-17T08:34:24","date_gmt":"2025-07-17T12:34:24","guid":{"rendered":"https:\/\/www.galerie-scrapbooking.com\/?post_type=product&#038;p=36205"},"modified":"2026-03-17T10:36:57","modified_gmt":"2026-03-17T14:36:57","slug":"spellbinders-betterpress-plaques-et-matrices-de-coupe-sentiments-francais","status":"publish","type":"product","link":"https:\/\/www.galerie-scrapbooking.com\/en\/produit\/spellbinders-betterpress-plaques-et-matrices-de-coupe-sentiments-francais\/","title":{"rendered":"Spellbinders BetterPress Plaques et Matrices de coupe Sentiments fran\u00e7ais"},"content":{"rendered":"<h1 tabindex=\"0\" role=\"text\">BetterPress Plaques et Matrices Sentiments fran\u00e7ais<\/h1>\n<p>L&#8217;ensemble de plaques et matrices BetterPress \u00ab Sentiments fran\u00e7ais \u00bb fait partie de la collection \u00ab Sentiments internationaux \u00bb. Chacune des deux plaques permet de d\u00e9couper cinq sentiments fran\u00e7ais simultan\u00e9ment, parfaits pour une d\u00e9coupe rapide gr\u00e2ce \u00e0 la matrice de d\u00e9coupe en m\u00e9tal fin assortie.<\/p>\n<p>Les bandes de sentiments sont d\u00e9coup\u00e9es en ruban ondul\u00e9 des deux c\u00f4t\u00e9s pour cr\u00e9er du mouvement. Vous avez le choix entre 10 sentiments. Les sentiments en majuscules couvrent de nombreuses occasions, comme \u00ab Je t&#8217;aime \u00bb, \u00ab Bonne F\u00eate \u00bb, \u00ab F\u00e9licitations \u00bb, \u00ab Je Pense \u00e0 Toi \u00bb, \u00ab Joyeux Anniversaire \u00bb, \u00ab Merci \u00bb, \u00ab Joyeux No\u00ebl \u00bb, \u00ab Bonne Ann\u00e9e \u00bb, \u00ab Bonne Retraite \u00bb et \u00ab Mes Sympathies \u00bb.<\/p>\n<p><strong>NOTE: Les Plaques BetterPress peuvent \u00eatre utilis\u00e9es avec le Glimmer Hot Foil System de Spellbinders et le papier foil.<\/strong><\/p>\n","protected":false},"excerpt":{"rendered":"<p>BetterPress Press Plate &amp; Die Set &#8211; French Sentiments<\/p>\n<p>Vid\u00e9o de d\u00e9monstration:<\/p>\n<p><iframe loading=\"lazy\" title=\"YouTube video player\" src=\"https:\/\/www.youtube.com\/embed\/DCTkTbyTOvA?si=fGoqLn64W_uyM399\" width=\"560\" height=\"315\" frameborder=\"0\" allowfullscreen=\"allowfullscreen\"><\/iframe><\/p>\n","protected":false},"featured_media":36171,"template":"","meta":{"_acf_changed":false},"product_brand":[],"product_cat":[252,198,86,2164],"product_tag":[],"class_list":{"0":"post-36205","1":"product","2":"type-product","3":"status-publish","4":"has-post-thumbnail","6":"product_cat-herazz-nouveautes","7":"product_cat-grand-calibur-spellbinders","8":"product_cat-spellbinders","9":"product_cat-spellbinders-betterpress","10":"pa_brand_nc-spellbinders","12":"first","13":"instock","14":"taxable","15":"shipping-taxable","16":"purchasable","17":"product-type-simple"},"acf":[],"aioseo_notices":[],"_links":{"self":[{"href":"https:\/\/www.galerie-scrapbooking.com\/en\/wp-json\/wp\/v2\/product\/36205","targetHints":{"allow":["GET"]}}],"collection":[{"href":"https:\/\/www.galerie-scrapbooking.com\/en\/wp-json\/wp\/v2\/product"}],"about":[{"href":"https:\/\/www.galerie-scrapbooking.com\/en\/wp-json\/wp\/v2\/types\/product"}],"wp:featuredmedia":[{"embeddable":true,"href":"https:\/\/www.galerie-scrapbooking.com\/en\/wp-json\/wp\/v2\/media\/36171"}],"wp:attachment":[{"href":"https:\/\/www.galerie-scrapbooking.com\/en\/wp-json\/wp\/v2\/media?parent=36205"}],"wp:term":[{"taxonomy":"product_brand","embeddable":true,"href":"https:\/\/www.galerie-scrapbooking.com\/en\/wp-json\/wp\/v2\/product_brand?post=36205"},{"taxonomy":"product_cat","embeddable":true,"href":"https:\/\/www.galerie-scrapbooking.com\/en\/wp-json\/wp\/v2\/product_cat?post=36205"},{"taxonomy":"product_tag","embeddable":true,"href":"https:\/\/www.galerie-scrapbooking.com\/en\/wp-json\/wp\/v2\/product_tag?post=36205"}],"curies":[{"name":"wp","href":"https:\/\/api.w.org\/{rel}","templated":true}]}}