{"id":36198,"date":"2025-07-17T08:34:24","date_gmt":"2025-07-17T12:34:24","guid":{"rendered":"https:\/\/www.galerie-scrapbooking.com\/?post_type=product&#038;p=36198"},"modified":"2026-04-14T00:10:56","modified_gmt":"2026-04-14T04:10:56","slug":"find-it-trading-3d-images-teddy","status":"publish","type":"product","link":"https:\/\/www.galerie-scrapbooking.com\/en\/produit\/find-it-trading-3d-images-teddy\/","title":{"rendered":"Find It Trading 3D Images Teddy"},"content":{"rendered":"<h1>Find It Trading 3D Images Teddy<\/h1>\n<p>Les feuilles \u00e0 pousser Find It Trading sont le compl\u00e9ment parfait \u00e0 vos projets de cr\u00e9ation en papier !<\/p>\n<p>Une fantastique feuille de d\u00e9coupage d\u00e9coup\u00e9e avec trois images 3D. Les images peuvent \u00eatre retir\u00e9es de la feuille, donc pas besoin de ciseaux.<\/p>\n<p>Particuli\u00e8rement pratique pour ceux qui ont du mal \u00e0 d\u00e9couper les d\u00e9tails les plus fins.<\/p>\n<p>Dimensions approximatives: 8.25&#8243; X 11.75&#8243;<\/p>\n","protected":false},"excerpt":{"rendered":"<p>Find It Trading Punchout Sheet &#8211; Teddy<\/p>\n","protected":false},"featured_media":36187,"template":"","meta":{"_acf_changed":false},"product_brand":[],"product_cat":[107,252],"product_tag":[],"class_list":{"0":"post-36198","1":"product","2":"type-product","3":"status-publish","4":"has-post-thumbnail","6":"product_cat-image-crafty-secrets","7":"product_cat-herazz-nouveautes","8":"pa_brand_nc-yvonne-creations","10":"first","11":"instock","12":"taxable","13":"shipping-taxable","14":"purchasable","15":"product-type-simple"},"acf":[],"aioseo_notices":[],"_links":{"self":[{"href":"https:\/\/www.galerie-scrapbooking.com\/en\/wp-json\/wp\/v2\/product\/36198","targetHints":{"allow":["GET"]}}],"collection":[{"href":"https:\/\/www.galerie-scrapbooking.com\/en\/wp-json\/wp\/v2\/product"}],"about":[{"href":"https:\/\/www.galerie-scrapbooking.com\/en\/wp-json\/wp\/v2\/types\/product"}],"wp:featuredmedia":[{"embeddable":true,"href":"https:\/\/www.galerie-scrapbooking.com\/en\/wp-json\/wp\/v2\/media\/36187"}],"wp:attachment":[{"href":"https:\/\/www.galerie-scrapbooking.com\/en\/wp-json\/wp\/v2\/media?parent=36198"}],"wp:term":[{"taxonomy":"product_brand","embeddable":true,"href":"https:\/\/www.galerie-scrapbooking.com\/en\/wp-json\/wp\/v2\/product_brand?post=36198"},{"taxonomy":"product_cat","embeddable":true,"href":"https:\/\/www.galerie-scrapbooking.com\/en\/wp-json\/wp\/v2\/product_cat?post=36198"},{"taxonomy":"product_tag","embeddable":true,"href":"https:\/\/www.galerie-scrapbooking.com\/en\/wp-json\/wp\/v2\/product_tag?post=36198"}],"curies":[{"name":"wp","href":"https:\/\/api.w.org\/{rel}","templated":true}]}}