{"id":36197,"date":"2025-07-17T08:34:24","date_gmt":"2025-07-17T12:34:24","guid":{"rendered":"https:\/\/www.galerie-scrapbooking.com\/?post_type=product&#038;p=36197"},"modified":"2025-11-26T10:35:11","modified_gmt":"2025-11-26T15:35:11","slug":"studio-light-etampe-foret-hivernale","status":"publish","type":"product","link":"https:\/\/www.galerie-scrapbooking.com\/en\/produit\/studio-light-etampe-foret-hivernale\/","title":{"rendered":"Studio Light \u00c9tampe For\u00eat Hivernale"},"content":{"rendered":"<h1>Studio Light \u00c9tampe For\u00eat Hivernale<\/h1>\n<p>Une touche grunge festive. Combinez la chaleur de No\u00ebl avec un look brut et vieilli.<\/p>\n<p>Cette collection grunge apporte une touche artistique unique \u00e0 vos projets de f\u00eates !<\/p>\n<p>Grandeur approximative du paquet: 3.1 x 8.0 pouces<\/p>\n","protected":false},"excerpt":{"rendered":"<p>Studio Light Grunge Clear Stamp &#8211; Winter Forest<\/p>\n","protected":false},"featured_media":36193,"template":"","meta":{"_acf_changed":false},"product_brand":[],"product_cat":[121,252],"product_tag":[],"class_list":{"0":"post-36197","1":"product","2":"type-product","3":"status-publish","4":"has-post-thumbnail","6":"product_cat-etampe-scrapbooking-autre","7":"product_cat-herazz-nouveautes","8":"pa_brand_nc-studio-light","10":"first","11":"instock","12":"taxable","13":"shipping-taxable","14":"purchasable","15":"product-type-simple"},"acf":[],"aioseo_notices":[],"_links":{"self":[{"href":"https:\/\/www.galerie-scrapbooking.com\/en\/wp-json\/wp\/v2\/product\/36197","targetHints":{"allow":["GET"]}}],"collection":[{"href":"https:\/\/www.galerie-scrapbooking.com\/en\/wp-json\/wp\/v2\/product"}],"about":[{"href":"https:\/\/www.galerie-scrapbooking.com\/en\/wp-json\/wp\/v2\/types\/product"}],"wp:featuredmedia":[{"embeddable":true,"href":"https:\/\/www.galerie-scrapbooking.com\/en\/wp-json\/wp\/v2\/media\/36193"}],"wp:attachment":[{"href":"https:\/\/www.galerie-scrapbooking.com\/en\/wp-json\/wp\/v2\/media?parent=36197"}],"wp:term":[{"taxonomy":"product_brand","embeddable":true,"href":"https:\/\/www.galerie-scrapbooking.com\/en\/wp-json\/wp\/v2\/product_brand?post=36197"},{"taxonomy":"product_cat","embeddable":true,"href":"https:\/\/www.galerie-scrapbooking.com\/en\/wp-json\/wp\/v2\/product_cat?post=36197"},{"taxonomy":"product_tag","embeddable":true,"href":"https:\/\/www.galerie-scrapbooking.com\/en\/wp-json\/wp\/v2\/product_tag?post=36197"}],"curies":[{"name":"wp","href":"https:\/\/api.w.org\/{rel}","templated":true}]}}