{"id":36161,"date":"2025-07-17T08:34:24","date_gmt":"2025-07-17T12:34:24","guid":{"rendered":"https:\/\/www.galerie-scrapbooking.com\/?post_type=product&#038;p=36161"},"modified":"2026-04-21T09:26:40","modified_gmt":"2026-04-21T13:26:40","slug":"posca-marqueur-pointe-fine-brun","status":"publish","type":"product","link":"https:\/\/www.galerie-scrapbooking.com\/en\/produit\/posca-marqueur-pointe-fine-brun\/","title":{"rendered":"POSCA Marqueur Pointe Fine Brun"},"content":{"rendered":"<h1>POSCA Marqueur Pointe Fine Brun<\/h1>\n<p>Ce marqueur \u00e0 pointe ogive d&#8217;Uni Posca est parfait pour cr\u00e9er des illustrations et des motifs complexes sur vos pages de scrapbooking. Vous pouvez \u00e9galement l&#8217;utiliser pour d\u00e9corer des photos et des projets multim\u00e9dias.<\/p>\n<p>Des d\u00e9tails:<\/p>\n<p>Disponible en plusieurs couleurs<\/p>\n<p>Pointe de 1,5 mm<\/p>\n<p>Pointe fine<\/p>\n<p>Encre \u00e0 s\u00e9chage rapide<\/p>\n<p>R\u00e9sistant aux UV<\/p>\n<p>Pour usage int\u00e9rieur et ext\u00e9rieur<\/p>\n","protected":false},"excerpt":{"rendered":"<p>POSCA 3M Fine Bullet Tip Pen &#8211; Brown<\/p>\n","protected":false},"featured_media":36181,"template":"","meta":{"_acf_changed":false},"product_brand":[],"product_cat":[252,404],"product_tag":[],"class_list":{"0":"post-36161","1":"product","2":"type-product","3":"status-publish","4":"has-post-thumbnail","6":"product_cat-herazz-nouveautes","7":"product_cat-marqueur-posca","8":"pa_brand_nc-autres","10":"first","11":"instock","12":"taxable","13":"shipping-taxable","14":"purchasable","15":"product-type-simple"},"acf":[],"aioseo_notices":[],"_links":{"self":[{"href":"https:\/\/www.galerie-scrapbooking.com\/en\/wp-json\/wp\/v2\/product\/36161","targetHints":{"allow":["GET"]}}],"collection":[{"href":"https:\/\/www.galerie-scrapbooking.com\/en\/wp-json\/wp\/v2\/product"}],"about":[{"href":"https:\/\/www.galerie-scrapbooking.com\/en\/wp-json\/wp\/v2\/types\/product"}],"wp:featuredmedia":[{"embeddable":true,"href":"https:\/\/www.galerie-scrapbooking.com\/en\/wp-json\/wp\/v2\/media\/36181"}],"wp:attachment":[{"href":"https:\/\/www.galerie-scrapbooking.com\/en\/wp-json\/wp\/v2\/media?parent=36161"}],"wp:term":[{"taxonomy":"product_brand","embeddable":true,"href":"https:\/\/www.galerie-scrapbooking.com\/en\/wp-json\/wp\/v2\/product_brand?post=36161"},{"taxonomy":"product_cat","embeddable":true,"href":"https:\/\/www.galerie-scrapbooking.com\/en\/wp-json\/wp\/v2\/product_cat?post=36161"},{"taxonomy":"product_tag","embeddable":true,"href":"https:\/\/www.galerie-scrapbooking.com\/en\/wp-json\/wp\/v2\/product_tag?post=36161"}],"curies":[{"name":"wp","href":"https:\/\/api.w.org\/{rel}","templated":true}]}}