{"id":36160,"date":"2025-07-17T08:34:24","date_gmt":"2025-07-17T12:34:24","guid":{"rendered":"https:\/\/www.galerie-scrapbooking.com\/?post_type=product&#038;p=36160"},"modified":"2025-11-21T11:52:07","modified_gmt":"2025-11-21T16:52:07","slug":"lavinia-etampe-cottage-theiere","status":"publish","type":"product","link":"https:\/\/www.galerie-scrapbooking.com\/en\/produit\/lavinia-etampe-cottage-theiere\/","title":{"rendered":"Lavinia \u00c9tampe Cottage Th\u00e9i\u00e8re"},"content":{"rendered":"<h1>Lavinia \u00c9tampe Cottage Th\u00e9i\u00e8re<\/h1>\n<p>Un charmant ensemble de deux \u00e9tampes individuelles repr\u00e9sentant une th\u00e9i\u00e8re ronde et son couvercle assorti.<\/p>\n<p>L&#8217;avant de cette magnifique th\u00e9i\u00e8re est orn\u00e9 d&#8217;une porte et d&#8217;une fen\u00eatre circulaires en bois, toutes deux entour\u00e9es de d\u00e9tails en pierre raffin\u00e9s. Le couvercle assorti est dot\u00e9 d&#8217;une anse arrondie en forme de goutte et d&#8217;un ombrage d\u00e9licat assorti \u00e0 la th\u00e9i\u00e8re.<\/p>\n<p>Ajoutez-le aux lanternes Pixie et \u00e0 la branche de baies pour cr\u00e9er un d\u00e9cor de jardin magique.<\/p>\n<p>N\u00e9cessite l&#8217;utilisation d&#8217;un bloc acrylique.<\/p>\n<p>4.9 x 7.1 &#8211; 2.5 x 1.6 cm.<\/p>\n","protected":false},"excerpt":{"rendered":"<p>Lavinia Stamp &#8211; Teapot Cottage<\/p>\n","protected":false},"featured_media":36133,"template":"","meta":{"_acf_changed":false},"product_brand":[],"product_cat":[342,424,252,2226],"product_tag":[],"class_list":{"0":"post-36160","1":"product","2":"type-product","3":"status-publish","4":"has-post-thumbnail","6":"product_cat-etampes-lavinia","7":"product_cat-mystique-zen","8":"product_cat-herazz-nouveautes","9":"product_cat-objets","10":"pa_brand_nc-lavinia","12":"first","13":"instock","14":"taxable","15":"shipping-taxable","16":"purchasable","17":"product-type-simple"},"acf":[],"aioseo_notices":[],"_links":{"self":[{"href":"https:\/\/www.galerie-scrapbooking.com\/en\/wp-json\/wp\/v2\/product\/36160","targetHints":{"allow":["GET"]}}],"collection":[{"href":"https:\/\/www.galerie-scrapbooking.com\/en\/wp-json\/wp\/v2\/product"}],"about":[{"href":"https:\/\/www.galerie-scrapbooking.com\/en\/wp-json\/wp\/v2\/types\/product"}],"wp:featuredmedia":[{"embeddable":true,"href":"https:\/\/www.galerie-scrapbooking.com\/en\/wp-json\/wp\/v2\/media\/36133"}],"wp:attachment":[{"href":"https:\/\/www.galerie-scrapbooking.com\/en\/wp-json\/wp\/v2\/media?parent=36160"}],"wp:term":[{"taxonomy":"product_brand","embeddable":true,"href":"https:\/\/www.galerie-scrapbooking.com\/en\/wp-json\/wp\/v2\/product_brand?post=36160"},{"taxonomy":"product_cat","embeddable":true,"href":"https:\/\/www.galerie-scrapbooking.com\/en\/wp-json\/wp\/v2\/product_cat?post=36160"},{"taxonomy":"product_tag","embeddable":true,"href":"https:\/\/www.galerie-scrapbooking.com\/en\/wp-json\/wp\/v2\/product_tag?post=36160"}],"curies":[{"name":"wp","href":"https:\/\/api.w.org\/{rel}","templated":true}]}}