{"id":36159,"date":"2025-07-17T08:34:25","date_gmt":"2025-07-17T12:34:25","guid":{"rendered":"https:\/\/www.galerie-scrapbooking.com\/?post_type=product&#038;p=36159"},"modified":"2026-04-20T17:13:41","modified_gmt":"2026-04-20T21:13:41","slug":"lavinia-etampe-habitation-de-feuilles-de-the","status":"publish","type":"product","link":"https:\/\/www.galerie-scrapbooking.com\/en\/produit\/lavinia-etampe-habitation-de-feuilles-de-the\/","title":{"rendered":"Lavinia \u00c9tampe Habitation de feuilles de th\u00e9"},"content":{"rendered":"<h1>Lavinia \u00c9tampe Habitation de feuilles de th\u00e9<\/h1>\n<p>Une seule \u00e9tampe repr\u00e9sentant une magnifique th\u00e9i\u00e8re de style vintage, orn\u00e9e d&#8217;une \u00e9l\u00e9gante anse orn\u00e9e.<\/p>\n<p>Cette th\u00e9i\u00e8re magnifiquement illustr\u00e9e pr\u00e9sente une porte ronde en bois orn\u00e9e de d\u00e9licats d\u00e9tails en pierre. Son couvercle est surmont\u00e9 d&#8217;une anse en forme de goutte.<\/p>\n<p>Ajoutez cette \u00e9tampe d&#8217;inspiration classique \u00e0 Glands et Feuille de ch\u00eane rouge pour cr\u00e9er une demeure bois\u00e9e magique.<\/p>\n<p>N\u00e9cessite l&#8217;utilisation d&#8217;un bloc acrylique.<\/p>\n<p>5.5 x 4.4 cm.<\/p>\n","protected":false},"excerpt":{"rendered":"<p>Lavinia Stamp &#8211; Tea Leaf Dwelling<\/p>\n","protected":false},"featured_media":36129,"template":"","meta":{"_acf_changed":false},"product_brand":[],"product_cat":[342,424,252,2226],"product_tag":[],"class_list":{"0":"post-36159","1":"product","2":"type-product","3":"status-publish","4":"has-post-thumbnail","6":"product_cat-etampes-lavinia","7":"product_cat-mystique-zen","8":"product_cat-herazz-nouveautes","9":"product_cat-objets","10":"pa_brand_nc-lavinia","12":"first","13":"instock","14":"taxable","15":"shipping-taxable","16":"purchasable","17":"product-type-simple"},"acf":[],"aioseo_notices":[],"_links":{"self":[{"href":"https:\/\/www.galerie-scrapbooking.com\/en\/wp-json\/wp\/v2\/product\/36159","targetHints":{"allow":["GET"]}}],"collection":[{"href":"https:\/\/www.galerie-scrapbooking.com\/en\/wp-json\/wp\/v2\/product"}],"about":[{"href":"https:\/\/www.galerie-scrapbooking.com\/en\/wp-json\/wp\/v2\/types\/product"}],"wp:featuredmedia":[{"embeddable":true,"href":"https:\/\/www.galerie-scrapbooking.com\/en\/wp-json\/wp\/v2\/media\/36129"}],"wp:attachment":[{"href":"https:\/\/www.galerie-scrapbooking.com\/en\/wp-json\/wp\/v2\/media?parent=36159"}],"wp:term":[{"taxonomy":"product_brand","embeddable":true,"href":"https:\/\/www.galerie-scrapbooking.com\/en\/wp-json\/wp\/v2\/product_brand?post=36159"},{"taxonomy":"product_cat","embeddable":true,"href":"https:\/\/www.galerie-scrapbooking.com\/en\/wp-json\/wp\/v2\/product_cat?post=36159"},{"taxonomy":"product_tag","embeddable":true,"href":"https:\/\/www.galerie-scrapbooking.com\/en\/wp-json\/wp\/v2\/product_tag?post=36159"}],"curies":[{"name":"wp","href":"https:\/\/api.w.org\/{rel}","templated":true}]}}