{"id":36158,"date":"2025-07-17T08:34:25","date_gmt":"2025-07-17T12:34:25","guid":{"rendered":"https:\/\/www.galerie-scrapbooking.com\/?post_type=product&#038;p=36158"},"modified":"2026-04-20T17:13:41","modified_gmt":"2026-04-20T21:13:41","slug":"lavinia-etampe-loge-theiere","status":"publish","type":"product","link":"https:\/\/www.galerie-scrapbooking.com\/en\/produit\/lavinia-etampe-loge-theiere\/","title":{"rendered":"Lavinia \u00c9tampe Loge Th\u00e9i\u00e8re"},"content":{"rendered":"<h1>Lavinia \u00c9tampe Loge Th\u00e9i\u00e8re<\/h1>\n<p>Cette \u00e9l\u00e9gante th\u00e9i\u00e8re est dot\u00e9e d&#8217;une porte et d&#8217;une fen\u00eatre sph\u00e9riques en bois, toutes deux orn\u00e9es de pierres apparentes. Le couvercle est orn\u00e9 d&#8217;une d\u00e9licate anse en forme de goutte et de d\u00e9tails en pierre assortis \u00e0 la th\u00e9i\u00e8re.<\/p>\n<p>Ajoutez ces magnifiques \u00e9tampes \u00e0 la Maison de la Th\u00e9i\u00e8re et au Nid de Glands pour cr\u00e9er un village f\u00e9erique.<\/p>\n<p>N\u00e9cessite l&#8217;utilisation d&#8217;un bloc acrylique.<\/p>\n<p>5.2 x 5.5 &#8211; 2.3 x 2.2 cm.<\/p>\n","protected":false},"excerpt":{"rendered":"<p>Lavinia Stamp &#8211; Earl Grey Lodge<\/p>\n","protected":false},"featured_media":36093,"template":"","meta":{"_acf_changed":false},"product_brand":[],"product_cat":[342,424,252,2226],"product_tag":[],"class_list":{"0":"post-36158","1":"product","2":"type-product","3":"status-publish","4":"has-post-thumbnail","6":"product_cat-etampes-lavinia","7":"product_cat-mystique-zen","8":"product_cat-herazz-nouveautes","9":"product_cat-objets","10":"pa_brand_nc-lavinia","12":"first","13":"instock","14":"taxable","15":"shipping-taxable","16":"purchasable","17":"product-type-simple"},"acf":[],"aioseo_notices":[],"_links":{"self":[{"href":"https:\/\/www.galerie-scrapbooking.com\/en\/wp-json\/wp\/v2\/product\/36158","targetHints":{"allow":["GET"]}}],"collection":[{"href":"https:\/\/www.galerie-scrapbooking.com\/en\/wp-json\/wp\/v2\/product"}],"about":[{"href":"https:\/\/www.galerie-scrapbooking.com\/en\/wp-json\/wp\/v2\/types\/product"}],"wp:featuredmedia":[{"embeddable":true,"href":"https:\/\/www.galerie-scrapbooking.com\/en\/wp-json\/wp\/v2\/media\/36093"}],"wp:attachment":[{"href":"https:\/\/www.galerie-scrapbooking.com\/en\/wp-json\/wp\/v2\/media?parent=36158"}],"wp:term":[{"taxonomy":"product_brand","embeddable":true,"href":"https:\/\/www.galerie-scrapbooking.com\/en\/wp-json\/wp\/v2\/product_brand?post=36158"},{"taxonomy":"product_cat","embeddable":true,"href":"https:\/\/www.galerie-scrapbooking.com\/en\/wp-json\/wp\/v2\/product_cat?post=36158"},{"taxonomy":"product_tag","embeddable":true,"href":"https:\/\/www.galerie-scrapbooking.com\/en\/wp-json\/wp\/v2\/product_tag?post=36158"}],"curies":[{"name":"wp","href":"https:\/\/api.w.org\/{rel}","templated":true}]}}