{"id":36157,"date":"2025-07-17T08:34:25","date_gmt":"2025-07-17T12:34:25","guid":{"rendered":"https:\/\/www.galerie-scrapbooking.com\/?post_type=product&#038;p=36157"},"modified":"2026-02-27T14:17:12","modified_gmt":"2026-02-27T19:17:12","slug":"lavinia-etampe-branche-de-baies","status":"publish","type":"product","link":"https:\/\/www.galerie-scrapbooking.com\/en\/produit\/lavinia-etampe-branche-de-baies\/","title":{"rendered":"Lavinia \u00c9tampe Branche de baies"},"content":{"rendered":"<h1>Lavinia \u00c9tampe Branche de baies<\/h1>\n<p>Un ensemble de trois \u00e9tampes individuelles orn\u00e9s d&#8217;illustrations complexes repr\u00e9sentant une branche et des baies.<\/p>\n<p>Ce set est compos\u00e9 d&#8217;une grande branche orn\u00e9e, parfaite pour agr\u00e9menter le feuillage de votre choix, d&#8217;une baie et de deux baies, le tout magnifiquement illustr\u00e9 par des ombrages qui donnent vie \u00e0 ces tampons.<\/p>\n<p>Parfait pour cr\u00e9er une sc\u00e8ne de for\u00eat magique avec des feuilles de ch\u00eane rouge et des t\u00eates de coquelicots.<\/p>\n<p>Dimension approximative:<\/p>\n<p>8.5 x 2.5 &#8211; 1.5 x 0.9 &#8211; 2.0 x 0.9 cm<\/p>\n","protected":false},"excerpt":{"rendered":"<p>Lavinia Stamp &#8211; Berry Branch<\/p>\n","protected":false},"featured_media":36089,"template":"","meta":{"_acf_changed":false},"product_brand":[],"product_cat":[420,342,252],"product_tag":[],"class_list":{"0":"post-36157","1":"product","2":"type-product","3":"status-publish","4":"has-post-thumbnail","6":"product_cat-arbre-paysage","7":"product_cat-etampes-lavinia","8":"product_cat-herazz-nouveautes","9":"pa_brand_nc-lavinia","11":"first","12":"instock","13":"taxable","14":"shipping-taxable","15":"purchasable","16":"product-type-simple"},"acf":[],"aioseo_notices":[],"_links":{"self":[{"href":"https:\/\/www.galerie-scrapbooking.com\/en\/wp-json\/wp\/v2\/product\/36157","targetHints":{"allow":["GET"]}}],"collection":[{"href":"https:\/\/www.galerie-scrapbooking.com\/en\/wp-json\/wp\/v2\/product"}],"about":[{"href":"https:\/\/www.galerie-scrapbooking.com\/en\/wp-json\/wp\/v2\/types\/product"}],"wp:featuredmedia":[{"embeddable":true,"href":"https:\/\/www.galerie-scrapbooking.com\/en\/wp-json\/wp\/v2\/media\/36089"}],"wp:attachment":[{"href":"https:\/\/www.galerie-scrapbooking.com\/en\/wp-json\/wp\/v2\/media?parent=36157"}],"wp:term":[{"taxonomy":"product_brand","embeddable":true,"href":"https:\/\/www.galerie-scrapbooking.com\/en\/wp-json\/wp\/v2\/product_brand?post=36157"},{"taxonomy":"product_cat","embeddable":true,"href":"https:\/\/www.galerie-scrapbooking.com\/en\/wp-json\/wp\/v2\/product_cat?post=36157"},{"taxonomy":"product_tag","embeddable":true,"href":"https:\/\/www.galerie-scrapbooking.com\/en\/wp-json\/wp\/v2\/product_tag?post=36157"}],"curies":[{"name":"wp","href":"https:\/\/api.w.org\/{rel}","templated":true}]}}