{"id":36156,"date":"2025-07-17T08:34:25","date_gmt":"2025-07-17T12:34:25","guid":{"rendered":"https:\/\/www.galerie-scrapbooking.com\/?post_type=product&#038;p=36156"},"modified":"2025-11-21T11:52:02","modified_gmt":"2025-11-21T16:52:02","slug":"lavinia-etampe-cachette-au-crepuscule","status":"publish","type":"product","link":"https:\/\/www.galerie-scrapbooking.com\/en\/produit\/lavinia-etampe-cachette-au-crepuscule\/","title":{"rendered":"Lavinia \u00c9tampe Cachette au cr\u00e9puscule"},"content":{"rendered":"<h1>Lavinia \u00c9tampe Cachette au cr\u00e9puscule<\/h1>\n<p>Un jeu magique de deux \u00e9tampes repr\u00e9sentant un duo de maisons fleuries.<\/p>\n<p>Ces \u00e9l\u00e9ganets \u00e9tampes arborent des vignes d\u00e9licatement torsad\u00e9es se terminant par des fleurs aux d\u00e9tails d\u00e9licats et aux feuilles d\u00e9licates. Chaque fleur pr\u00e9sente une fen\u00eatre circulaire entour\u00e9e de pierres pr\u00e9cieuses.<\/p>\n<p>Utilisez ces magnifiques \u00e9tampes pour apporter une touche de magie \u00e0 n&#8217;importe quel motif, avec des lanternes f\u00e9eriques ou des branches de baies.<\/p>\n<p>N\u00e9cessite l&#8217;utilisation d&#8217;un bloc acrylique.<\/p>\n<p>Dimension approximative:<\/p>\n<p>9.7 x 2.5 &#8211; 10.0 x 1.5 cm<\/p>\n","protected":false},"excerpt":{"rendered":"<p>Lavinia Stamp &#8211; Twilight Hideout<\/p>\n","protected":false},"featured_media":36137,"template":"","meta":{"_acf_changed":false},"product_brand":[],"product_cat":[423,342,424,252],"product_tag":[],"class_list":{"0":"post-36156","1":"product","2":"type-product","3":"status-publish","4":"has-post-thumbnail","6":"product_cat-fleurs-feuillage","7":"product_cat-etampes-lavinia","8":"product_cat-mystique-zen","9":"product_cat-herazz-nouveautes","10":"pa_brand_nc-lavinia","12":"first","13":"instock","14":"taxable","15":"shipping-taxable","16":"purchasable","17":"product-type-simple"},"acf":[],"aioseo_notices":[],"_links":{"self":[{"href":"https:\/\/www.galerie-scrapbooking.com\/en\/wp-json\/wp\/v2\/product\/36156","targetHints":{"allow":["GET"]}}],"collection":[{"href":"https:\/\/www.galerie-scrapbooking.com\/en\/wp-json\/wp\/v2\/product"}],"about":[{"href":"https:\/\/www.galerie-scrapbooking.com\/en\/wp-json\/wp\/v2\/types\/product"}],"wp:featuredmedia":[{"embeddable":true,"href":"https:\/\/www.galerie-scrapbooking.com\/en\/wp-json\/wp\/v2\/media\/36137"}],"wp:attachment":[{"href":"https:\/\/www.galerie-scrapbooking.com\/en\/wp-json\/wp\/v2\/media?parent=36156"}],"wp:term":[{"taxonomy":"product_brand","embeddable":true,"href":"https:\/\/www.galerie-scrapbooking.com\/en\/wp-json\/wp\/v2\/product_brand?post=36156"},{"taxonomy":"product_cat","embeddable":true,"href":"https:\/\/www.galerie-scrapbooking.com\/en\/wp-json\/wp\/v2\/product_cat?post=36156"},{"taxonomy":"product_tag","embeddable":true,"href":"https:\/\/www.galerie-scrapbooking.com\/en\/wp-json\/wp\/v2\/product_tag?post=36156"}],"curies":[{"name":"wp","href":"https:\/\/api.w.org\/{rel}","templated":true}]}}