{"id":36155,"date":"2025-07-17T08:34:25","date_gmt":"2025-07-17T12:34:25","guid":{"rendered":"https:\/\/www.galerie-scrapbooking.com\/?post_type=product&#038;p=36155"},"modified":"2025-11-21T11:51:51","modified_gmt":"2025-11-21T16:51:51","slug":"lavinia-etampe-feuilles-de-chene-rouge","status":"publish","type":"product","link":"https:\/\/www.galerie-scrapbooking.com\/en\/produit\/lavinia-etampe-feuilles-de-chene-rouge\/","title":{"rendered":"Lavinia \u00c9tampe Feuilles de Ch\u00eane rouge"},"content":{"rendered":"<h1>Lavinia \u00c9tampe Feuilles de Ch\u00eane rouge<\/h1>\n<p>Un ensemble de trois \u00e9tampes individuelles repr\u00e9sentant un trio de magnifiques feuilles de ch\u00eane.<\/p>\n<p>Le feuillage de cet ensemble est merveilleusement d\u00e9taill\u00e9, avec des nervures d\u00e9licates et des bords l\u00e9g\u00e8rement pointus.<\/p>\n<p>Ces magnifiques \u00e9tampes sont parfaites pour donner de la profondeur \u00e0 vos sc\u00e8nes bois\u00e9es. Compl\u00e9tez vos cr\u00e9ations avec la Demeure de Glands pour cr\u00e9er un univers forestier fantastique.<\/p>\n<p>N\u00e9cessite l&#8217;utilisation d&#8217;un bloc acrylique.<\/p>\n<p>Dimension approximative:<\/p>\n<p>3.3 x 2.0 &#8211; 2.5 x 1.4 &#8211; 2.5 x 1.2 cm<\/p>\n","protected":false},"excerpt":{"rendered":"<p>Lavinia Stamp &#8211; Red Oak Leaf<\/p>\n","protected":false},"featured_media":36113,"template":"","meta":{"_acf_changed":false},"product_brand":[],"product_cat":[420,423,342,252],"product_tag":[],"class_list":{"0":"post-36155","1":"product","2":"type-product","3":"status-publish","4":"has-post-thumbnail","6":"product_cat-arbre-paysage","7":"product_cat-fleurs-feuillage","8":"product_cat-etampes-lavinia","9":"product_cat-herazz-nouveautes","10":"pa_brand_nc-lavinia","12":"first","13":"instock","14":"taxable","15":"shipping-taxable","16":"purchasable","17":"product-type-simple"},"acf":[],"aioseo_notices":[],"_links":{"self":[{"href":"https:\/\/www.galerie-scrapbooking.com\/en\/wp-json\/wp\/v2\/product\/36155","targetHints":{"allow":["GET"]}}],"collection":[{"href":"https:\/\/www.galerie-scrapbooking.com\/en\/wp-json\/wp\/v2\/product"}],"about":[{"href":"https:\/\/www.galerie-scrapbooking.com\/en\/wp-json\/wp\/v2\/types\/product"}],"wp:featuredmedia":[{"embeddable":true,"href":"https:\/\/www.galerie-scrapbooking.com\/en\/wp-json\/wp\/v2\/media\/36113"}],"wp:attachment":[{"href":"https:\/\/www.galerie-scrapbooking.com\/en\/wp-json\/wp\/v2\/media?parent=36155"}],"wp:term":[{"taxonomy":"product_brand","embeddable":true,"href":"https:\/\/www.galerie-scrapbooking.com\/en\/wp-json\/wp\/v2\/product_brand?post=36155"},{"taxonomy":"product_cat","embeddable":true,"href":"https:\/\/www.galerie-scrapbooking.com\/en\/wp-json\/wp\/v2\/product_cat?post=36155"},{"taxonomy":"product_tag","embeddable":true,"href":"https:\/\/www.galerie-scrapbooking.com\/en\/wp-json\/wp\/v2\/product_tag?post=36155"}],"curies":[{"name":"wp","href":"https:\/\/api.w.org\/{rel}","templated":true}]}}