{"id":36154,"date":"2025-07-17T08:34:25","date_gmt":"2025-07-17T12:34:25","guid":{"rendered":"https:\/\/www.galerie-scrapbooking.com\/?post_type=product&#038;p=36154"},"modified":"2025-11-21T11:51:50","modified_gmt":"2025-11-21T16:51:50","slug":"lavinia-etampe-coquelicots-loges","status":"publish","type":"product","link":"https:\/\/www.galerie-scrapbooking.com\/en\/produit\/lavinia-etampe-coquelicots-loges\/","title":{"rendered":"Lavinia \u00c9tampe Coquelicots Loges"},"content":{"rendered":"<h1>Lavinia \u00c9tampe Coquelicots Loges<\/h1>\n<p>Un ensemble de deux \u00e9tampes individuelles repr\u00e9sentant deux maisons en forme de t\u00eates de coquelicots.<\/p>\n<p>Dans cet ensemble de t\u00eates de coquelicots d\u00e9taill\u00e9es de diff\u00e9rentes hauteurs, la plus grande poss\u00e8de une fen\u00eatre en forme de halo entour\u00e9e de pierres ornement\u00e9es. Les deux t\u00eates de coquelicots pr\u00e9sentent des ombrages tr\u00e8s d\u00e9taill\u00e9s et un toit magnifiquement d\u00e9cor\u00e9.<\/p>\n<p>Ajoutez ces \u00e9l\u00e9gantes \u00e9tampes aux sc\u00e8nes \u00ab Maisons de coquelicots \u00bb et \u00ab Refuge du cr\u00e9puscule \u00bb pour cr\u00e9er un village f\u00e9erique secret.<\/p>\n<p>N\u00e9cessite l&#8217;utilisation d&#8217;un bloc acrylique.<\/p>\n<p>Dimension approximative:<\/p>\n<p>8.9 x 2.1 &#8211; 6.2 x 1.5 cm<\/p>\n","protected":false},"excerpt":{"rendered":"<p>Lavinia Stamp &#8211; Poppy Lodges<\/p>\n","protected":false},"featured_media":36109,"template":"","meta":{"_acf_changed":false},"product_brand":[],"product_cat":[423,342,424,252],"product_tag":[],"class_list":{"0":"post-36154","1":"product","2":"type-product","3":"status-publish","4":"has-post-thumbnail","6":"product_cat-fleurs-feuillage","7":"product_cat-etampes-lavinia","8":"product_cat-mystique-zen","9":"product_cat-herazz-nouveautes","10":"pa_brand_nc-lavinia","12":"first","13":"instock","14":"taxable","15":"shipping-taxable","16":"purchasable","17":"product-type-simple"},"acf":[],"aioseo_notices":[],"_links":{"self":[{"href":"https:\/\/www.galerie-scrapbooking.com\/en\/wp-json\/wp\/v2\/product\/36154","targetHints":{"allow":["GET"]}}],"collection":[{"href":"https:\/\/www.galerie-scrapbooking.com\/en\/wp-json\/wp\/v2\/product"}],"about":[{"href":"https:\/\/www.galerie-scrapbooking.com\/en\/wp-json\/wp\/v2\/types\/product"}],"wp:featuredmedia":[{"embeddable":true,"href":"https:\/\/www.galerie-scrapbooking.com\/en\/wp-json\/wp\/v2\/media\/36109"}],"wp:attachment":[{"href":"https:\/\/www.galerie-scrapbooking.com\/en\/wp-json\/wp\/v2\/media?parent=36154"}],"wp:term":[{"taxonomy":"product_brand","embeddable":true,"href":"https:\/\/www.galerie-scrapbooking.com\/en\/wp-json\/wp\/v2\/product_brand?post=36154"},{"taxonomy":"product_cat","embeddable":true,"href":"https:\/\/www.galerie-scrapbooking.com\/en\/wp-json\/wp\/v2\/product_cat?post=36154"},{"taxonomy":"product_tag","embeddable":true,"href":"https:\/\/www.galerie-scrapbooking.com\/en\/wp-json\/wp\/v2\/product_tag?post=36154"}],"curies":[{"name":"wp","href":"https:\/\/api.w.org\/{rel}","templated":true}]}}