{"id":36153,"date":"2025-07-17T08:34:25","date_gmt":"2025-07-17T12:34:25","guid":{"rendered":"https:\/\/www.galerie-scrapbooking.com\/?post_type=product&#038;p=36153"},"modified":"2025-11-21T11:51:49","modified_gmt":"2025-11-21T16:51:49","slug":"lavinia-etampe-habitations-du-coquelicot","status":"publish","type":"product","link":"https:\/\/www.galerie-scrapbooking.com\/en\/produit\/lavinia-etampe-habitations-du-coquelicot\/","title":{"rendered":"Lavinia \u00c9tampe Habitations du coquelicot"},"content":{"rendered":"<h1>Lavinia \u00c9tampe Habitations du coquelicot<\/h1>\n<p>Un jeu de deux \u00e9tampes repr\u00e9sentant des habitations de coquelicots.<\/p>\n<p>Les coquelicots, de tailles diff\u00e9rentes, sont tr\u00e8s d\u00e9taill\u00e9s. Le plus grand poss\u00e8de une fen\u00eatre arrondie entour\u00e9e de d\u00e9licates pierres, tandis que les deux sont magnifiquement ombrag\u00e9s et dot\u00e9s d&#8217;un toit ornemental.<\/p>\n<p>Ajoutez ces magnifiques \u00e9tampes \u00e0 des sc\u00e8nes de coquelicots et de tournesols pour cr\u00e9er une prairie estivale mystique.<\/p>\n<p>N\u00e9cessite l&#8217;utilisation d&#8217;un bloc acrylique.<\/p>\n<p>Dimension approximative:<\/p>\n<p>11.1 x 2.0 &#8211; 8.6 x 1.6 cm<\/p>\n","protected":false},"excerpt":{"rendered":"<p>Lavinia Stamp &#8211; Poppy Dwellings<\/p>\n","protected":false},"featured_media":36105,"template":"","meta":{"_acf_changed":false},"product_brand":[],"product_cat":[423,342,424,252],"product_tag":[],"class_list":{"0":"post-36153","1":"product","2":"type-product","3":"status-publish","4":"has-post-thumbnail","6":"product_cat-fleurs-feuillage","7":"product_cat-etampes-lavinia","8":"product_cat-mystique-zen","9":"product_cat-herazz-nouveautes","10":"pa_brand_nc-lavinia","12":"first","13":"instock","14":"taxable","15":"shipping-taxable","16":"purchasable","17":"product-type-simple"},"acf":[],"aioseo_notices":[],"_links":{"self":[{"href":"https:\/\/www.galerie-scrapbooking.com\/en\/wp-json\/wp\/v2\/product\/36153","targetHints":{"allow":["GET"]}}],"collection":[{"href":"https:\/\/www.galerie-scrapbooking.com\/en\/wp-json\/wp\/v2\/product"}],"about":[{"href":"https:\/\/www.galerie-scrapbooking.com\/en\/wp-json\/wp\/v2\/types\/product"}],"wp:featuredmedia":[{"embeddable":true,"href":"https:\/\/www.galerie-scrapbooking.com\/en\/wp-json\/wp\/v2\/media\/36105"}],"wp:attachment":[{"href":"https:\/\/www.galerie-scrapbooking.com\/en\/wp-json\/wp\/v2\/media?parent=36153"}],"wp:term":[{"taxonomy":"product_brand","embeddable":true,"href":"https:\/\/www.galerie-scrapbooking.com\/en\/wp-json\/wp\/v2\/product_brand?post=36153"},{"taxonomy":"product_cat","embeddable":true,"href":"https:\/\/www.galerie-scrapbooking.com\/en\/wp-json\/wp\/v2\/product_cat?post=36153"},{"taxonomy":"product_tag","embeddable":true,"href":"https:\/\/www.galerie-scrapbooking.com\/en\/wp-json\/wp\/v2\/product_tag?post=36153"}],"curies":[{"name":"wp","href":"https:\/\/api.w.org\/{rel}","templated":true}]}}