{"id":36150,"date":"2025-07-17T08:34:54","date_gmt":"2025-07-17T12:34:54","guid":{"rendered":"https:\/\/www.galerie-scrapbooking.com\/?post_type=product&#038;p=36150"},"modified":"2025-11-21T11:51:46","modified_gmt":"2025-11-21T16:51:46","slug":"lavinia-etampe-fleurs-de-tournesol","status":"publish","type":"product","link":"https:\/\/www.galerie-scrapbooking.com\/en\/produit\/lavinia-etampe-fleurs-de-tournesol\/","title":{"rendered":"Lavinia \u00c9tampe Fleurs de Tournesol"},"content":{"rendered":"<h1>Lavinia \u00c9tampe Fleurs de Tournesol<\/h1>\n<p>Un ensemble de trois \u00e9tampes individuelles repr\u00e9sentant de gracieuses t\u00eates de tournesol, disponibles dans diff\u00e9rentes tailles.<\/p>\n<p>Ce fabuleux ensemble pr\u00e9sente des fleurs de grande, moyenne et petite taille, magnifiquement d\u00e9taill\u00e9es pour ajouter dimension et profondeur \u00e0 ces magnifiques fleurs.<\/p>\n<p>Combinez ces magnifiques \u00e9tampes avec des feuilles de ch\u00eane blanc et des glands pour cr\u00e9er une couronne estivale \u00e9clatante.<\/p>\n<p>N\u00e9cessite l&#8217;utilisation d&#8217;un bloc acrylique.<\/p>\n<p>Dimension approximative:<\/p>\n<p>3.0 x 3.0 &#8211; 2.4 x 2.4 &#8211; 2.0 x 2.0 cm<\/p>\n","protected":false},"excerpt":{"rendered":"<p>Lavinia Stamp &#8211; Sunflower heads<\/p>\n","protected":false},"featured_media":36125,"template":"","meta":{"_acf_changed":false},"product_brand":[],"product_cat":[420,423,342,252],"product_tag":[],"class_list":{"0":"post-36150","1":"product","2":"type-product","3":"status-publish","4":"has-post-thumbnail","6":"product_cat-arbre-paysage","7":"product_cat-fleurs-feuillage","8":"product_cat-etampes-lavinia","9":"product_cat-herazz-nouveautes","10":"pa_brand_nc-lavinia","12":"first","13":"instock","14":"taxable","15":"shipping-taxable","16":"purchasable","17":"product-type-simple"},"acf":[],"aioseo_notices":[],"_links":{"self":[{"href":"https:\/\/www.galerie-scrapbooking.com\/en\/wp-json\/wp\/v2\/product\/36150","targetHints":{"allow":["GET"]}}],"collection":[{"href":"https:\/\/www.galerie-scrapbooking.com\/en\/wp-json\/wp\/v2\/product"}],"about":[{"href":"https:\/\/www.galerie-scrapbooking.com\/en\/wp-json\/wp\/v2\/types\/product"}],"wp:featuredmedia":[{"embeddable":true,"href":"https:\/\/www.galerie-scrapbooking.com\/en\/wp-json\/wp\/v2\/media\/36125"}],"wp:attachment":[{"href":"https:\/\/www.galerie-scrapbooking.com\/en\/wp-json\/wp\/v2\/media?parent=36150"}],"wp:term":[{"taxonomy":"product_brand","embeddable":true,"href":"https:\/\/www.galerie-scrapbooking.com\/en\/wp-json\/wp\/v2\/product_brand?post=36150"},{"taxonomy":"product_cat","embeddable":true,"href":"https:\/\/www.galerie-scrapbooking.com\/en\/wp-json\/wp\/v2\/product_cat?post=36150"},{"taxonomy":"product_tag","embeddable":true,"href":"https:\/\/www.galerie-scrapbooking.com\/en\/wp-json\/wp\/v2\/product_tag?post=36150"}],"curies":[{"name":"wp","href":"https:\/\/api.w.org\/{rel}","templated":true}]}}