{"id":36148,"date":"2025-07-17T08:34:54","date_gmt":"2025-07-17T12:34:54","guid":{"rendered":"https:\/\/www.galerie-scrapbooking.com\/?post_type=product&#038;p=36148"},"modified":"2026-04-18T14:17:08","modified_gmt":"2026-04-18T18:17:08","slug":"lavinia-etampe-tournesol-1","status":"publish","type":"product","link":"https:\/\/www.galerie-scrapbooking.com\/en\/produit\/lavinia-etampe-tournesol-1\/","title":{"rendered":"Lavinia \u00c9tampe Tournesol #1"},"content":{"rendered":"<h1>Lavinia \u00c9tampe Tournesol #1<\/h1>\n<p>Une \u00e9tampe unique repr\u00e9sentant un grand tournesol \u00e9l\u00e9gant, l\u00e9g\u00e8rement pench\u00e9 vers la droite.<\/p>\n<p>Cette magnifique \u00e9tampe est d\u00e9licatement d\u00e9taill\u00e9e avec trois feuilles d\u00e9licatement enroul\u00e9es et une magnifique fleur en pleine floraison.<\/p>\n<p>Ajoutez cette superbe \u00e9tampes aux Habitations de Tournesols et de Coquelicots Ouverts pour cr\u00e9er une prairie fleurie f\u00e9erique.<\/p>\n<p>N\u00e9cessite l&#8217;utilisation d&#8217;un bloc acrylique.<\/p>\n<p>Dimension approximative:<\/p>\n<p>8.5 x 3.3 cm<\/p>\n","protected":false},"excerpt":{"rendered":"<p>Lavinia Stamp &#8211; Sunflower #1<\/p>\n","protected":false},"featured_media":36117,"template":"","meta":{"_acf_changed":false},"product_brand":[],"product_cat":[420,423,342,252],"product_tag":[],"class_list":{"0":"post-36148","1":"product","2":"type-product","3":"status-publish","4":"has-post-thumbnail","6":"product_cat-arbre-paysage","7":"product_cat-fleurs-feuillage","8":"product_cat-etampes-lavinia","9":"product_cat-herazz-nouveautes","10":"pa_brand_nc-lavinia","12":"first","13":"instock","14":"taxable","15":"shipping-taxable","16":"purchasable","17":"product-type-simple"},"acf":[],"aioseo_notices":[],"_links":{"self":[{"href":"https:\/\/www.galerie-scrapbooking.com\/en\/wp-json\/wp\/v2\/product\/36148","targetHints":{"allow":["GET"]}}],"collection":[{"href":"https:\/\/www.galerie-scrapbooking.com\/en\/wp-json\/wp\/v2\/product"}],"about":[{"href":"https:\/\/www.galerie-scrapbooking.com\/en\/wp-json\/wp\/v2\/types\/product"}],"wp:featuredmedia":[{"embeddable":true,"href":"https:\/\/www.galerie-scrapbooking.com\/en\/wp-json\/wp\/v2\/media\/36117"}],"wp:attachment":[{"href":"https:\/\/www.galerie-scrapbooking.com\/en\/wp-json\/wp\/v2\/media?parent=36148"}],"wp:term":[{"taxonomy":"product_brand","embeddable":true,"href":"https:\/\/www.galerie-scrapbooking.com\/en\/wp-json\/wp\/v2\/product_brand?post=36148"},{"taxonomy":"product_cat","embeddable":true,"href":"https:\/\/www.galerie-scrapbooking.com\/en\/wp-json\/wp\/v2\/product_cat?post=36148"},{"taxonomy":"product_tag","embeddable":true,"href":"https:\/\/www.galerie-scrapbooking.com\/en\/wp-json\/wp\/v2\/product_tag?post=36148"}],"curies":[{"name":"wp","href":"https:\/\/api.w.org\/{rel}","templated":true}]}}