{"id":36145,"date":"2025-07-17T08:34:54","date_gmt":"2025-07-17T12:34:54","guid":{"rendered":"https:\/\/www.galerie-scrapbooking.com\/?post_type=product&#038;p=36145"},"modified":"2026-04-29T11:28:03","modified_gmt":"2026-04-29T15:28:03","slug":"lavinia-etampe-nid-de-glands","status":"publish","type":"product","link":"https:\/\/www.galerie-scrapbooking.com\/en\/produit\/lavinia-etampe-nid-de-glands\/","title":{"rendered":"Lavinia \u00c9tampe Nid de Glands"},"content":{"rendered":"<h1>Lavinia \u00c9tampe Nid de Glands<\/h1>\n<p>Un ensemble de deux \u00e9tampes individuelles repr\u00e9sentant des maisons suspendues en forme de gland.<\/p>\n<p>Chaque gland poss\u00e8de un toit magnifiquement d\u00e9taill\u00e9 et une fen\u00eatre sph\u00e9rique entour\u00e9e de pierres d\u00e9licates.<\/p>\n<p>Ajoutez ces \u00e9tampes magiques \u00e0 une sc\u00e8ne avec Branche de Baies et Glands pour cr\u00e9er un paysage forestier enchant\u00e9.<\/p>\n<p>N\u00e9cessite l&#8217;utilisation d&#8217;un bloc acrylique.<\/p>\n<p>4.0x x 2.5 &#8211; 3.3 x 2.0 cm.<\/p>\n","protected":false},"excerpt":{"rendered":"<p>Lavinia Stamp &#8211; Acorn Nest<\/p>\n","protected":false},"featured_media":36083,"template":"","meta":{"_acf_changed":false},"product_brand":[],"product_cat":[342,424,252],"product_tag":[],"class_list":{"0":"post-36145","1":"product","2":"type-product","3":"status-publish","4":"has-post-thumbnail","6":"product_cat-etampes-lavinia","7":"product_cat-mystique-zen","8":"product_cat-herazz-nouveautes","9":"pa_brand_nc-lavinia","11":"first","12":"instock","13":"taxable","14":"shipping-taxable","15":"purchasable","16":"product-type-simple"},"acf":[],"aioseo_notices":[],"_links":{"self":[{"href":"https:\/\/www.galerie-scrapbooking.com\/en\/wp-json\/wp\/v2\/product\/36145","targetHints":{"allow":["GET"]}}],"collection":[{"href":"https:\/\/www.galerie-scrapbooking.com\/en\/wp-json\/wp\/v2\/product"}],"about":[{"href":"https:\/\/www.galerie-scrapbooking.com\/en\/wp-json\/wp\/v2\/types\/product"}],"wp:featuredmedia":[{"embeddable":true,"href":"https:\/\/www.galerie-scrapbooking.com\/en\/wp-json\/wp\/v2\/media\/36083"}],"wp:attachment":[{"href":"https:\/\/www.galerie-scrapbooking.com\/en\/wp-json\/wp\/v2\/media?parent=36145"}],"wp:term":[{"taxonomy":"product_brand","embeddable":true,"href":"https:\/\/www.galerie-scrapbooking.com\/en\/wp-json\/wp\/v2\/product_brand?post=36145"},{"taxonomy":"product_cat","embeddable":true,"href":"https:\/\/www.galerie-scrapbooking.com\/en\/wp-json\/wp\/v2\/product_cat?post=36145"},{"taxonomy":"product_tag","embeddable":true,"href":"https:\/\/www.galerie-scrapbooking.com\/en\/wp-json\/wp\/v2\/product_tag?post=36145"}],"curies":[{"name":"wp","href":"https:\/\/api.w.org\/{rel}","templated":true}]}}