{"id":36078,"date":"2025-07-17T08:34:54","date_gmt":"2025-07-17T12:34:54","guid":{"rendered":"https:\/\/www.galerie-scrapbooking.com\/?post_type=product&#038;p=36078"},"modified":"2026-04-29T11:28:03","modified_gmt":"2026-04-29T15:28:03","slug":"lavinia-etampe-maison-en-gland","status":"publish","type":"product","link":"https:\/\/www.galerie-scrapbooking.com\/en\/produit\/lavinia-etampe-maison-en-gland\/","title":{"rendered":"Lavinia \u00c9tampe Maison en Gland"},"content":{"rendered":"<h1>Lavinia \u00c9tampe Maison en Gland<\/h1>\n<p>Une \u00e9tampe unique repr\u00e9sentant une magnifique maison en gland.<\/p>\n<p>Cette charmante demeure en gland est couch\u00e9e sur le c\u00f4t\u00e9, avec une porte circulaire en bois et repose sur un lit de galets. Elle ferait une maison de f\u00e9e id\u00e9ale.<\/p>\n<p>Cr\u00e9ez une sc\u00e8ne saisonni\u00e8re \u00e9poustouflante en associant cette \u00e9tampe magique au Nid de glands et \u00e0 la Branche de baies.<\/p>\n<p>N\u00e9cessite l&#8217;utilisation d&#8217;un bloc acrylique.<\/p>\n<p>7.0 x 4.0 cm.<\/p>\n","protected":false},"excerpt":{"rendered":"<p>Lavinia Stamp &#8211; Acorn Abode<\/p>\n","protected":false},"featured_media":36079,"template":"","meta":{"_acf_changed":false},"product_brand":[],"product_cat":[342,424,252],"product_tag":[],"class_list":{"0":"post-36078","1":"product","2":"type-product","3":"status-publish","4":"has-post-thumbnail","6":"product_cat-etampes-lavinia","7":"product_cat-mystique-zen","8":"product_cat-herazz-nouveautes","9":"pa_brand_nc-lavinia","11":"first","12":"instock","13":"taxable","14":"shipping-taxable","15":"purchasable","16":"product-type-simple"},"acf":[],"aioseo_notices":[],"_links":{"self":[{"href":"https:\/\/www.galerie-scrapbooking.com\/en\/wp-json\/wp\/v2\/product\/36078","targetHints":{"allow":["GET"]}}],"collection":[{"href":"https:\/\/www.galerie-scrapbooking.com\/en\/wp-json\/wp\/v2\/product"}],"about":[{"href":"https:\/\/www.galerie-scrapbooking.com\/en\/wp-json\/wp\/v2\/types\/product"}],"wp:featuredmedia":[{"embeddable":true,"href":"https:\/\/www.galerie-scrapbooking.com\/en\/wp-json\/wp\/v2\/media\/36079"}],"wp:attachment":[{"href":"https:\/\/www.galerie-scrapbooking.com\/en\/wp-json\/wp\/v2\/media?parent=36078"}],"wp:term":[{"taxonomy":"product_brand","embeddable":true,"href":"https:\/\/www.galerie-scrapbooking.com\/en\/wp-json\/wp\/v2\/product_brand?post=36078"},{"taxonomy":"product_cat","embeddable":true,"href":"https:\/\/www.galerie-scrapbooking.com\/en\/wp-json\/wp\/v2\/product_cat?post=36078"},{"taxonomy":"product_tag","embeddable":true,"href":"https:\/\/www.galerie-scrapbooking.com\/en\/wp-json\/wp\/v2\/product_tag?post=36078"}],"curies":[{"name":"wp","href":"https:\/\/api.w.org\/{rel}","templated":true}]}}