{"id":35927,"date":"2025-06-05T08:10:33","date_gmt":"2025-06-05T12:10:33","guid":{"rendered":"https:\/\/www.galerie-scrapbooking.com\/?post_type=product&#038;p=35927"},"modified":"2026-01-06T12:53:25","modified_gmt":"2026-01-06T17:53:25","slug":"stamperia-papier-de-riz-mer-silencieuse","status":"publish","type":"product","link":"https:\/\/www.galerie-scrapbooking.com\/en\/produit\/stamperia-papier-de-riz-mer-silencieuse\/","title":{"rendered":"Stamperia Papier de Riz Mer silencieuse"},"content":{"rendered":"<h1>Stamperia Papier de Riz Mer silencieuse<\/h1>\n<p>Mer silencieuse est la derni\u00e8re collection de Cristina Radovan pour Stamperia. Elle capture l&#8217;essence m\u00eame de la mer : sa brise, le rythme des vagues et le sentiment de libert\u00e9 qu&#8217;elle inspire.<\/p>\n<p>Avec ses couleurs douces et apaisantes, cette collection est une \u00e9vasion cr\u00e9ative, id\u00e9ale pour cr\u00e9er des moments sereins et inspirants.<\/p>\n<p>Dimensions approximatives :<\/p>\n<p>8.25 x 11.75 pouces<\/p>\n","protected":false},"excerpt":{"rendered":"<p>Stamperia Rice Paper &#8211; Silent Sea<\/p>\n","protected":false},"featured_media":35893,"template":"","meta":{"_acf_changed":false},"product_brand":[],"product_cat":[252,319,352],"product_tag":[],"class_list":{"0":"post-35927","1":"product","2":"type-product","3":"status-publish","4":"has-post-thumbnail","6":"product_cat-herazz-nouveautes","7":"product_cat-papier-de-riz","8":"product_cat-papier-de-riz-stamperia","9":"pa_brand_nc-stamperia","11":"first","12":"instock","13":"taxable","14":"shipping-taxable","15":"purchasable","16":"product-type-simple"},"acf":[],"aioseo_notices":[],"_links":{"self":[{"href":"https:\/\/www.galerie-scrapbooking.com\/en\/wp-json\/wp\/v2\/product\/35927","targetHints":{"allow":["GET"]}}],"collection":[{"href":"https:\/\/www.galerie-scrapbooking.com\/en\/wp-json\/wp\/v2\/product"}],"about":[{"href":"https:\/\/www.galerie-scrapbooking.com\/en\/wp-json\/wp\/v2\/types\/product"}],"wp:featuredmedia":[{"embeddable":true,"href":"https:\/\/www.galerie-scrapbooking.com\/en\/wp-json\/wp\/v2\/media\/35893"}],"wp:attachment":[{"href":"https:\/\/www.galerie-scrapbooking.com\/en\/wp-json\/wp\/v2\/media?parent=35927"}],"wp:term":[{"taxonomy":"product_brand","embeddable":true,"href":"https:\/\/www.galerie-scrapbooking.com\/en\/wp-json\/wp\/v2\/product_brand?post=35927"},{"taxonomy":"product_cat","embeddable":true,"href":"https:\/\/www.galerie-scrapbooking.com\/en\/wp-json\/wp\/v2\/product_cat?post=35927"},{"taxonomy":"product_tag","embeddable":true,"href":"https:\/\/www.galerie-scrapbooking.com\/en\/wp-json\/wp\/v2\/product_tag?post=35927"}],"curies":[{"name":"wp","href":"https:\/\/api.w.org\/{rel}","templated":true}]}}