{"id":35926,"date":"2025-06-05T08:10:34","date_gmt":"2025-06-05T12:10:34","guid":{"rendered":"https:\/\/www.galerie-scrapbooking.com\/?post_type=product&#038;p=35926"},"modified":"2025-11-21T11:52:48","modified_gmt":"2025-11-21T16:52:48","slug":"sizzix-plaque-embossage-multi-niveaux-engrenages-de-coffre-fort-par-tim-holtz","status":"publish","type":"product","link":"https:\/\/www.galerie-scrapbooking.com\/en\/produit\/sizzix-plaque-embossage-multi-niveaux-engrenages-de-coffre-fort-par-tim-holtz\/","title":{"rendered":"Sizzix Plaque embossage Multi-Niveaux Engrenages de coffre-fort par Tim Holtz"},"content":{"rendered":"<h1>Sizzix Plaque embossage Multi-Niveaux Engrenages de coffre-fort<\/h1>\n<p>Donnez un coup de fouet \u00e0 vos projets avec cette plaque d&#8217;embossage\u00a0 multi-niveaux de Tim Holtz !<\/p>\n<p>Dot\u00e9 d&#8217;un motif d&#8217;engrenages captivant, symbole d&#8217;une esth\u00e9tique industrielle, cette plaque d&#8217;embossage est id\u00e9ale pour ajouter de la dimension et de la texture \u00e0 une vari\u00e9t\u00e9 de surfaces, comme le papier cartonn\u00e9, le papier, le v\u00e9lin et les feuilles m\u00e9talliques.<\/p>\n<p>Le motif d&#8217;engrenages ajoute non seulement une touche m\u00e9canique, mais se marie aussi parfaitement avec la peinture et les encres. Laissez libre cours \u00e0 votre cr\u00e9ativit\u00e9 pour cr\u00e9er des cartes uniques, des projets de d\u00e9coration int\u00e9rieure et bien plus encore !<\/p>\n<p>Dimensions approximatives:<\/p>\n<p>4 1\/2&#8243; x 6 1\/2&#8243; x 1\/4&#8243;<\/p>\n","protected":false},"excerpt":{"rendered":"<p>Sizzix Multi Level Textured Impressions Embossing Folder &#8211; Vault Gears by Tim Holtz<\/p>\n","protected":false},"featured_media":35873,"template":"","meta":{"_acf_changed":false},"product_brand":[],"product_cat":[202,252,203],"product_tag":[],"class_list":{"0":"post-35926","1":"product","2":"type-product","3":"status-publish","4":"has-post-thumbnail","6":"product_cat-plaques-embossage","7":"product_cat-herazz-nouveautes","8":"product_cat-embossage-sizzix-timholtz","9":"pa_brand_nc-sizzix","11":"first","12":"instock","13":"taxable","14":"shipping-taxable","15":"purchasable","16":"product-type-simple"},"acf":[],"aioseo_notices":[],"_links":{"self":[{"href":"https:\/\/www.galerie-scrapbooking.com\/en\/wp-json\/wp\/v2\/product\/35926","targetHints":{"allow":["GET"]}}],"collection":[{"href":"https:\/\/www.galerie-scrapbooking.com\/en\/wp-json\/wp\/v2\/product"}],"about":[{"href":"https:\/\/www.galerie-scrapbooking.com\/en\/wp-json\/wp\/v2\/types\/product"}],"wp:featuredmedia":[{"embeddable":true,"href":"https:\/\/www.galerie-scrapbooking.com\/en\/wp-json\/wp\/v2\/media\/35873"}],"wp:attachment":[{"href":"https:\/\/www.galerie-scrapbooking.com\/en\/wp-json\/wp\/v2\/media?parent=35926"}],"wp:term":[{"taxonomy":"product_brand","embeddable":true,"href":"https:\/\/www.galerie-scrapbooking.com\/en\/wp-json\/wp\/v2\/product_brand?post=35926"},{"taxonomy":"product_cat","embeddable":true,"href":"https:\/\/www.galerie-scrapbooking.com\/en\/wp-json\/wp\/v2\/product_cat?post=35926"},{"taxonomy":"product_tag","embeddable":true,"href":"https:\/\/www.galerie-scrapbooking.com\/en\/wp-json\/wp\/v2\/product_tag?post=35926"}],"curies":[{"name":"wp","href":"https:\/\/api.w.org\/{rel}","templated":true}]}}