{"id":35919,"date":"2025-06-05T08:10:35","date_gmt":"2025-06-05T12:10:35","guid":{"rendered":"https:\/\/www.galerie-scrapbooking.com\/?post_type=product&#038;p=35919"},"modified":"2026-04-20T14:46:11","modified_gmt":"2026-04-20T18:46:11","slug":"graphic-45-pad-8-x-8-jour-de-mers","status":"publish","type":"product","link":"https:\/\/www.galerie-scrapbooking.com\/en\/produit\/graphic-45-pad-8-x-8-jour-de-mers\/","title":{"rendered":"Graphic 45 Pad 8&#8243; X 8&#8243; Jour de Mers"},"content":{"rendered":"<h1>Graphic 45 Pad 8&#8243; X 8&#8243; Jour de Mers<\/h1>\n<p>Faites sensation avec la collection de papiers Jour de Mers de Graphic 45 : une aventure sous-marine vibrante au charme tropical et \u00e0 la fantaisie oc\u00e9anique. Plongez dans un monde de r\u00e9cifs coralliens color\u00e9s, de tortues joueuses et de poissons exotiques, sur fond d&#8217;une palette ensoleill\u00e9e de bleu turquoise, violet, jaune soleil et rouge corail.<\/p>\n<p>Que vous souhaitiez documenter vos aventures en bord de mer, cr\u00e9er une d\u00e9coration c\u00f4ti\u00e8re ou envoyer des v\u0153ux ensoleill\u00e9s, Jour de Mers est le moyen id\u00e9al de donner vie \u00e0 la beaut\u00e9 et aux merveilles de l&#8217;oc\u00e9an. Alors, prenez vos fournitures et laissez-vous porter par la vague cr\u00e9ative !<\/p>\n<p>Ensemble de 24 feuilles double-face.<\/p>\n<p>&nbsp;<\/p>\n","protected":false},"excerpt":{"rendered":"<p>Graphic 45 Collection Pack 8&#8243;8&#8243; &#8211; Seas The Day<\/p>\n","protected":false},"featured_media":35877,"template":"","meta":{"_acf_changed":false},"product_brand":[],"product_cat":[410,138,252],"product_tag":[],"class_list":{"0":"post-35919","1":"product","2":"type-product","3":"status-publish","4":"has-post-thumbnail","6":"product_cat-papiers-scrapbooking-8x8","7":"product_cat-papier-graphic45","8":"product_cat-herazz-nouveautes","9":"pa_brand_nc-graphic-45","11":"first","12":"instock","13":"taxable","14":"shipping-taxable","15":"purchasable","16":"product-type-simple"},"acf":[],"aioseo_notices":[],"_links":{"self":[{"href":"https:\/\/www.galerie-scrapbooking.com\/en\/wp-json\/wp\/v2\/product\/35919","targetHints":{"allow":["GET"]}}],"collection":[{"href":"https:\/\/www.galerie-scrapbooking.com\/en\/wp-json\/wp\/v2\/product"}],"about":[{"href":"https:\/\/www.galerie-scrapbooking.com\/en\/wp-json\/wp\/v2\/types\/product"}],"wp:featuredmedia":[{"embeddable":true,"href":"https:\/\/www.galerie-scrapbooking.com\/en\/wp-json\/wp\/v2\/media\/35877"}],"wp:attachment":[{"href":"https:\/\/www.galerie-scrapbooking.com\/en\/wp-json\/wp\/v2\/media?parent=35919"}],"wp:term":[{"taxonomy":"product_brand","embeddable":true,"href":"https:\/\/www.galerie-scrapbooking.com\/en\/wp-json\/wp\/v2\/product_brand?post=35919"},{"taxonomy":"product_cat","embeddable":true,"href":"https:\/\/www.galerie-scrapbooking.com\/en\/wp-json\/wp\/v2\/product_cat?post=35919"},{"taxonomy":"product_tag","embeddable":true,"href":"https:\/\/www.galerie-scrapbooking.com\/en\/wp-json\/wp\/v2\/product_tag?post=35919"}],"curies":[{"name":"wp","href":"https:\/\/api.w.org\/{rel}","templated":true}]}}