{"id":35918,"date":"2025-06-05T08:10:35","date_gmt":"2025-06-05T12:10:35","guid":{"rendered":"https:\/\/www.galerie-scrapbooking.com\/?post_type=product&#038;p=35918"},"modified":"2025-11-21T11:52:37","modified_gmt":"2025-11-21T16:52:37","slug":"graphic-45-pad-8-x-8-boutique-des-fees","status":"publish","type":"product","link":"https:\/\/www.galerie-scrapbooking.com\/en\/produit\/graphic-45-pad-8-x-8-boutique-des-fees\/","title":{"rendered":"Graphic 45 Pad 8&#8243; X 8&#8243; Boutique des F\u00e9es"},"content":{"rendered":"<h1>Graphic 45 Pad 8&#8243; X 8&#8243; Boutique des F\u00e9es<\/h1>\n<p>Plongez dans un monde de merveilles avec la collection de papiers Boutique des F\u00e9es de Graphic 45, o\u00f9 voltigent des ailes d\u00e9licates, se balancent des robes de f\u00e9es et fleurissent des jardins enchant\u00e9s.<\/p>\n<p>Que vous cr\u00e9iez un album souvenir ou que vous envoyiez simplement un peu de magie par courrier, Boutique des F\u00e9es vous invite \u00e0 capturer la beaut\u00e9 de l&#8217;imagination et \u00e0 c\u00e9l\u00e9brer les moments les plus enchanteurs de la vie.<\/p>\n<p>Cette collection de 24 feuilles double-face comprend une gamme de produits coordonn\u00e9s pour stimuler votre cr\u00e9ativit\u00e9, chacun vendu s\u00e9par\u00e9ment.<\/p>\n","protected":false},"excerpt":{"rendered":"<p>Graphic 45 Collection Pack 8&#8243;8&#8243; &#8211; Fairy Boutique<\/p>\n","protected":false},"featured_media":35879,"template":"","meta":{"_acf_changed":false},"product_brand":[],"product_cat":[410,138,252],"product_tag":[],"class_list":{"0":"post-35918","1":"product","2":"type-product","3":"status-publish","4":"has-post-thumbnail","6":"product_cat-papiers-scrapbooking-8x8","7":"product_cat-papier-graphic45","8":"product_cat-herazz-nouveautes","9":"pa_brand_nc-graphic-45","11":"first","12":"instock","13":"taxable","14":"shipping-taxable","15":"purchasable","16":"product-type-simple"},"acf":[],"aioseo_notices":[],"_links":{"self":[{"href":"https:\/\/www.galerie-scrapbooking.com\/en\/wp-json\/wp\/v2\/product\/35918","targetHints":{"allow":["GET"]}}],"collection":[{"href":"https:\/\/www.galerie-scrapbooking.com\/en\/wp-json\/wp\/v2\/product"}],"about":[{"href":"https:\/\/www.galerie-scrapbooking.com\/en\/wp-json\/wp\/v2\/types\/product"}],"wp:featuredmedia":[{"embeddable":true,"href":"https:\/\/www.galerie-scrapbooking.com\/en\/wp-json\/wp\/v2\/media\/35879"}],"wp:attachment":[{"href":"https:\/\/www.galerie-scrapbooking.com\/en\/wp-json\/wp\/v2\/media?parent=35918"}],"wp:term":[{"taxonomy":"product_brand","embeddable":true,"href":"https:\/\/www.galerie-scrapbooking.com\/en\/wp-json\/wp\/v2\/product_brand?post=35918"},{"taxonomy":"product_cat","embeddable":true,"href":"https:\/\/www.galerie-scrapbooking.com\/en\/wp-json\/wp\/v2\/product_cat?post=35918"},{"taxonomy":"product_tag","embeddable":true,"href":"https:\/\/www.galerie-scrapbooking.com\/en\/wp-json\/wp\/v2\/product_tag?post=35918"}],"curies":[{"name":"wp","href":"https:\/\/api.w.org\/{rel}","templated":true}]}}