{"id":35912,"date":"2025-06-05T08:10:35","date_gmt":"2025-06-05T12:10:35","guid":{"rendered":"https:\/\/www.galerie-scrapbooking.com\/?post_type=product&#038;p=35912"},"modified":"2026-01-16T19:16:10","modified_gmt":"2026-01-17T00:16:10","slug":"mini-distress-ink-kitsch-flamingo","status":"publish","type":"product","link":"https:\/\/www.galerie-scrapbooking.com\/en\/produit\/mini-distress-ink-kitsch-flamingo\/","title":{"rendered":"Mini Distress Ink  Kitsch Flamingo"},"content":{"rendered":"<h1>Mini Distress Ink Kitsch Flamingo<\/h1>\n<p>Le mini tampon encreur Distress est un tampon encreur \u00e0 base d&#8217;eau empilable de 2,5 cm x 2,5 cm, sans acide, non toxique et r\u00e9sistant \u00e0 la d\u00e9coloration.<\/p>\n<p>Il peut \u00eatre r\u00e9encr\u00e9 avec le r\u00e9encreur Distress assorti.<\/p>\n<p>Son petit format le rend pratique pour les projets en d\u00e9placement ! Disponible dans une vari\u00e9t\u00e9 de couleurs.<\/p>\n<p>&nbsp;<\/p>\n","protected":false},"excerpt":{"rendered":"<p>Tim Holtz Distress Mini Ink Pad Kitsch Flamingo<\/p>\n","protected":false},"featured_media":35899,"template":"","meta":{"_acf_changed":false},"product_brand":[],"product_cat":[259,252],"product_tag":[],"class_list":{"0":"post-35912","1":"product","2":"type-product","3":"status-publish","4":"has-post-thumbnail","6":"product_cat-mini-distress-ink","7":"product_cat-herazz-nouveautes","8":"pa_brand_nc-tim-holtz","10":"first","11":"instock","12":"taxable","13":"shipping-taxable","14":"purchasable","15":"product-type-simple"},"acf":[],"aioseo_notices":[],"_links":{"self":[{"href":"https:\/\/www.galerie-scrapbooking.com\/en\/wp-json\/wp\/v2\/product\/35912","targetHints":{"allow":["GET"]}}],"collection":[{"href":"https:\/\/www.galerie-scrapbooking.com\/en\/wp-json\/wp\/v2\/product"}],"about":[{"href":"https:\/\/www.galerie-scrapbooking.com\/en\/wp-json\/wp\/v2\/types\/product"}],"wp:featuredmedia":[{"embeddable":true,"href":"https:\/\/www.galerie-scrapbooking.com\/en\/wp-json\/wp\/v2\/media\/35899"}],"wp:attachment":[{"href":"https:\/\/www.galerie-scrapbooking.com\/en\/wp-json\/wp\/v2\/media?parent=35912"}],"wp:term":[{"taxonomy":"product_brand","embeddable":true,"href":"https:\/\/www.galerie-scrapbooking.com\/en\/wp-json\/wp\/v2\/product_brand?post=35912"},{"taxonomy":"product_cat","embeddable":true,"href":"https:\/\/www.galerie-scrapbooking.com\/en\/wp-json\/wp\/v2\/product_cat?post=35912"},{"taxonomy":"product_tag","embeddable":true,"href":"https:\/\/www.galerie-scrapbooking.com\/en\/wp-json\/wp\/v2\/product_tag?post=35912"}],"curies":[{"name":"wp","href":"https:\/\/api.w.org\/{rel}","templated":true}]}}