{"id":35765,"date":"2025-05-08T08:04:00","date_gmt":"2025-05-08T12:04:00","guid":{"rendered":"https:\/\/www.galerie-scrapbooking.com\/?post_type=product&#038;p=35765"},"modified":"2026-03-03T09:34:50","modified_gmt":"2026-03-03T14:34:50","slug":"spellbinders-plaque-dembossage-3d-oiseaux-en-vol","status":"publish","type":"product","link":"https:\/\/www.galerie-scrapbooking.com\/en\/produit\/spellbinders-plaque-dembossage-3d-oiseaux-en-vol\/","title":{"rendered":"Spellbinders Plaque d&#8217;embossage 3D Oiseaux en Vol"},"content":{"rendered":"<h1>Spellbinders Plaque d&#8217;embossage 3D Oiseaux en Vol<\/h1>\n<p>Cette plaque d&#8217;embossage 3D repr\u00e9sente une vol\u00e9e d&#8217;oiseaux en plein vol sur un fond dactylographi\u00e9. Symbole de libert\u00e9, ses textures et son \u00e9l\u00e9gance en font un support id\u00e9al pour vos cartes, carnets d&#8217;art, albums de scrapbooking et bien plus encore.<\/p>\n<p>Il couvre tous les formats de cartes, du format A2 au format 12,7 x 18,8 cm, en passant par les cartes fines tendance.<\/p>\n<p>Le plioir de gaufrage 3D fa\u00e7onne et sculpte le papier en de magnifiques \u0153uvres d&#8217;art. Transformez le papier cartonn\u00e9, le papier \u00e0 motifs, le v\u00e9lin et bien plus encore en de superbes textures.<\/p>\n<p>&nbsp;<\/p>\n<p>&nbsp;<\/p>\n","protected":false},"excerpt":{"rendered":"<p>Spellbinders 3D Embossing Folder 5.5&#8243;x8.5&#8243; &#8211; Soaring, Collaged Birds<\/p>\n","protected":false},"featured_media":35759,"template":"","meta":{"_acf_changed":false},"product_brand":[],"product_cat":[202,196,252,86,205],"product_tag":[],"class_list":{"0":"post-35765","1":"product","2":"type-product","3":"status-publish","4":"has-post-thumbnail","6":"product_cat-plaques-embossage","7":"product_cat-m-bossabilities-spellbinders-embossage","8":"product_cat-herazz-nouveautes","9":"product_cat-spellbinders","10":"product_cat-embossage-spellbinders","11":"pa_brand_nc-spellbinders","13":"first","14":"instock","15":"taxable","16":"shipping-taxable","17":"purchasable","18":"product-type-simple"},"acf":[],"aioseo_notices":[],"_links":{"self":[{"href":"https:\/\/www.galerie-scrapbooking.com\/en\/wp-json\/wp\/v2\/product\/35765","targetHints":{"allow":["GET"]}}],"collection":[{"href":"https:\/\/www.galerie-scrapbooking.com\/en\/wp-json\/wp\/v2\/product"}],"about":[{"href":"https:\/\/www.galerie-scrapbooking.com\/en\/wp-json\/wp\/v2\/types\/product"}],"wp:featuredmedia":[{"embeddable":true,"href":"https:\/\/www.galerie-scrapbooking.com\/en\/wp-json\/wp\/v2\/media\/35759"}],"wp:attachment":[{"href":"https:\/\/www.galerie-scrapbooking.com\/en\/wp-json\/wp\/v2\/media?parent=35765"}],"wp:term":[{"taxonomy":"product_brand","embeddable":true,"href":"https:\/\/www.galerie-scrapbooking.com\/en\/wp-json\/wp\/v2\/product_brand?post=35765"},{"taxonomy":"product_cat","embeddable":true,"href":"https:\/\/www.galerie-scrapbooking.com\/en\/wp-json\/wp\/v2\/product_cat?post=35765"},{"taxonomy":"product_tag","embeddable":true,"href":"https:\/\/www.galerie-scrapbooking.com\/en\/wp-json\/wp\/v2\/product_tag?post=35765"}],"curies":[{"name":"wp","href":"https:\/\/api.w.org\/{rel}","templated":true}]}}